{"id":21997,"date":"2024-03-20T23:32:09","date_gmt":"2024-03-20T16:32:09","guid":{"rendered":"https:\/\/phukienthammy.com.vn\/?post_type=product&#038;p=21997"},"modified":"2024-03-20T23:32:59","modified_gmt":"2024-03-20T16:32:59","slug":"filler-secret-rose","status":"publish","type":"product","link":"https:\/\/phukienthammy.com.vn\/?product=filler-secret-rose","title":{"rendered":"Filler Secret Rose"},"content":{"rendered":"<div dir=\"auto\">Filler Secret Rose &#8211; Filler CAO C\u1ea4P #filler<\/div>\n<div dir=\"auto\">1, Quy c\u00e1ch: 1 h\u1ed9p x 1ml<\/div>\n<div dir=\"auto\">2, Th\u00e0nh ph\u1ea7n:<\/div>\n<div dir=\"auto\">+ Hyaluronic acid: 24mg\/ml<\/div>\n<div dir=\"auto\">+ Lidocaine: 3mg\/ml<\/div>\n<div dir=\"auto\">3, C\u00f4ng d\u1ee5ng v\u00e0 ph\u00e2n lo\u1ea1i: (4 lo\u1ea1i)<\/div>\n<div dir=\"auto\">&#8211; M\u1ec1m : C\u00e1c v\u00f9ng ti\u00eam cho M\u0169i, C\u1eb1m.<\/div>\n<div dir=\"auto\">&#8211; Trung &#8211; Trung b\u00ecnh: Ti\u00eam cho d\u00e1ng C\u1eb1m t\u1ef1 nhi\u00ean, M\u00e1, C\u1eb1m, R\u00e3nh c\u01b0\u1eddi, M\u00f4i l\u1eb7n m\u1ea5u v\u1edbi \u0111\u1ed9 b\u1ec1n r\u1ea5t cao.<\/div>\n<div dir=\"auto\">&#8211; C\u1ee9ng &#8211; M\u1ec1m: Ti\u00eam cho M\u00f4i, M\u00e1, R\u00e3nh c\u01b0\u1eddi, H\u1ed1c m\u1eaft, Th\u00e1i d\u01b0\u01a1ng, Tr\u00e1n, l\u00e0m \u0111\u1ea7y Tay, Ch\u00e2n, Xo\u00e1 nh\u0103n \u0111u\u00f4i ch\u00e2n chim m\u1eaft,&#8230;<\/div>\n<div dir=\"auto\">&#8211; Ngo\u00e0i ra c\u00f2n c\u00f3 c\u00e1c t\u00e1c d\u1ee5ng kh\u00e1c nh\u01b0: D\u01b0\u1ee1ng \u1ea9m da t\u1ea1i c\u00e1c v\u1ecb tr\u00ed ti\u00eam, t\u1ea1o \u0111\u1ed9 c\u0103ng b\u00f3ng v\u00e0 nh\u1ecf l\u1ed7 ch\u00e2n l\u00f4ng.<\/div>\n<div dir=\"auto\">4, \u0110\u1eb7c t\u00ednh v\u1edbi c\u00f4ng ngh\u1ec7 s\u1ea3n xu\u1ea5t ti\u00ean ti\u1ebfn nh\u1ea5t Cross linked, h\u1ea1t ch\u1ea5t ph\u00e2n t\u1eed Hyaluronic Acid gel<\/div>\n<div dir=\"auto\">&#8211; L\u00ean d\u00e1ng chu\u1ea9n, \u0111\u1ee9ng d\u00e1ng, c\u1ee9ng c\u00e1p<\/div>\n<div dir=\"auto\">&#8211; \u0110\u1ed9 b\u1ec1n cao, gi\u1eef d\u00e1ng l\u00e2u, kh\u00f4ng tr\u00e0n, b\u00e8 filler<\/div>\n<div dir=\"auto\">&#8211; Li\u00ean k\u1ebft h\u1ea1t Filler c\u1ef1c m\u1ecbn gi\u1eef fom d\u00e1ng<\/div>\n<div dir=\"auto\">&#8211; Kh\u00f4ng \u0111au kh\u00f4ng bu\u1ed1t<\/div>\n<div dir=\"auto\"><\/div>\n<div dir=\"auto\"><\/div>\n","protected":false},"excerpt":{"rendered":"<div dir=\"auto\">\n<div dir=\"auto\">Filler Secret Rose &#8211; Filler CAO C\u1ea4P #filler<\/div>\n<div dir=\"auto\">1, Quy c\u00e1ch: 1 h\u1ed9p x 1ml<\/div>\n<div dir=\"auto\">2, Th\u00e0nh ph\u1ea7n:<\/div>\n<div dir=\"auto\">+ Hyaluronic acid: 24mg\/ml<\/div>\n<div dir=\"auto\">+ Lidocaine: 3mg\/ml<\/div>\n<div dir=\"auto\">3, C\u00f4ng d\u1ee5ng v\u00e0 ph\u00e2n lo\u1ea1i: (4 lo\u1ea1i)<\/div>\n<div dir=\"auto\">&#8211; M\u1ec1m : C\u00e1c v\u00f9ng ti\u00eam cho M\u0169i, C\u1eb1m.<\/div>\n<div dir=\"auto\">&#8211; Trung &#8211; Trung b\u00ecnh: Ti\u00eam cho d\u00e1ng C\u1eb1m t\u1ef1 nhi\u00ean, M\u00e1, C\u1eb1m, R\u00e3nh c\u01b0\u1eddi, M\u00f4i l\u1eb7n m\u1ea5u v\u1edbi \u0111\u1ed9 b\u1ec1n r\u1ea5t cao.<\/div>\n<div dir=\"auto\">&#8211; C\u1ee9ng &#8211; M\u1ec1m: Ti\u00eam cho M\u00f4i, M\u00e1, R\u00e3nh c\u01b0\u1eddi, H\u1ed1c m\u1eaft, Th\u00e1i d\u01b0\u01a1ng, Tr\u00e1n, l\u00e0m \u0111\u1ea7y Tay, Ch\u00e2n, Xo\u00e1 nh\u0103n \u0111u\u00f4i ch\u00e2n chim m\u1eaft,&#8230;<\/div>\n<div dir=\"auto\">&#8211; Ngo\u00e0i ra c\u00f2n c\u00f3 c\u00e1c t\u00e1c d\u1ee5ng kh\u00e1c nh\u01b0: D\u01b0\u1ee1ng \u1ea9m da t\u1ea1i c\u00e1c v\u1ecb tr\u00ed ti\u00eam, t\u1ea1o \u0111\u1ed9 c\u0103ng b\u00f3ng v\u00e0 nh\u1ecf l\u1ed7 ch\u00e2n l\u00f4ng.<\/div>\n<div dir=\"auto\">4, \u0110\u1eb7c t\u00ednh v\u1edbi c\u00f4ng ngh\u1ec7 s\u1ea3n xu\u1ea5t ti\u00ean ti\u1ebfn nh\u1ea5t Cross linked, h\u1ea1t ch\u1ea5t ph\u00e2n t\u1eed Hyaluronic Acid gel<\/div>\n<div dir=\"auto\">&#8211; L\u00ean d\u00e1ng chu\u1ea9n, \u0111\u1ee9ng d\u00e1ng, c\u1ee9ng c\u00e1p<\/div>\n<div dir=\"auto\">&#8211; \u0110\u1ed9 b\u1ec1n cao, gi\u1eef d\u00e1ng l\u00e2u, kh\u00f4ng tr\u00e0n, b\u00e8 filler<\/div>\n<div dir=\"auto\">&#8211; Li\u00ean k\u1ebft h\u1ea1t Filler c\u1ef1c m\u1ecbn gi\u1eef fom d\u00e1ng<\/div>\n<div dir=\"auto\">&#8211; Kh\u00f4ng \u0111au kh\u00f4ng bu\u1ed1t<\/div>\n<\/div>\n<div dir=\"auto\"><\/div>\n","protected":false},"featured_media":22090,"comment_status":"open","ping_status":"closed","template":"","meta":[],"product_cat":[51],"product_tag":[],"class_list":{"0":"post-21997","1":"product","2":"type-product","3":"status-publish","4":"has-post-thumbnail","6":"product_cat-filler","8":"first","9":"instock","10":"shipping-taxable","11":"purchasable","12":"product-type-simple"},"_links":{"self":[{"href":"https:\/\/phukienthammy.com.vn\/index.php?rest_route=\/wp\/v2\/product\/21997","targetHints":{"allow":["GET"]}}],"collection":[{"href":"https:\/\/phukienthammy.com.vn\/index.php?rest_route=\/wp\/v2\/product"}],"about":[{"href":"https:\/\/phukienthammy.com.vn\/index.php?rest_route=\/wp\/v2\/types\/product"}],"replies":[{"embeddable":true,"href":"https:\/\/phukienthammy.com.vn\/index.php?rest_route=%2Fwp%2Fv2%2Fcomments&post=21997"}],"version-history":[{"count":0,"href":"https:\/\/phukienthammy.com.vn\/index.php?rest_route=\/wp\/v2\/product\/21997\/revisions"}],"wp:featuredmedia":[{"embeddable":true,"href":"https:\/\/phukienthammy.com.vn\/index.php?rest_route=\/wp\/v2\/media\/22090"}],"wp:attachment":[{"href":"https:\/\/phukienthammy.com.vn\/index.php?rest_route=%2Fwp%2Fv2%2Fmedia&parent=21997"}],"wp:term":[{"taxonomy":"product_cat","embeddable":true,"href":"https:\/\/phukienthammy.com.vn\/index.php?rest_route=%2Fwp%2Fv2%2Fproduct_cat&post=21997"},{"taxonomy":"product_tag","embeddable":true,"href":"https:\/\/phukienthammy.com.vn\/index.php?rest_route=%2Fwp%2Fv2%2Fproduct_tag&post=21997"}],"curies":[{"name":"wp","href":"https:\/\/api.w.org\/{rel}","templated":true}]}}