{"id":21994,"date":"2024-03-20T23:32:09","date_gmt":"2024-03-20T16:32:09","guid":{"rendered":"https:\/\/phukienthammy.com.vn\/?post_type=product&#038;p=21994"},"modified":"2024-03-20T23:32:46","modified_gmt":"2024-03-20T16:32:46","slug":"filler-mizain","status":"publish","type":"product","link":"https:\/\/phukienthammy.com.vn\/?product=filler-mizain","title":{"rendered":"Filler Mizain"},"content":{"rendered":"<div class=\"xdj266r x11i5rnm xat24cr x1mh8g0r x1vvkbs x126k92a\">\n<div dir=\"auto\">Filler Mizain<\/div>\n<\/div>\n<div class=\"x11i5rnm xat24cr x1mh8g0r x1vvkbs xtlvy1s x126k92a\">\n<div dir=\"auto\">\u00a0\u01afU \u0110I\u1ec2M:<\/div>\n<div dir=\"auto\">&#8211; L\u1ea7n \u0111\u1ea7u ti\u00ean xu\u1ea5t hi\u1ec7n 1 lo\u1ea1i Filler 26% HA ph\u1ea3i n\u00f3i l\u00e0 si\u00eau ph\u1ea9m h\u00e0ng \u0111\u1ea7u th\u1ebf gi\u1edbi, \u0111\u01b0\u1ee3c \u0111\u00e1nh gi\u00e1 cao t\u1eeb c\u00e1c b\u00e1c s\u1ef9 gi\u00e0u kinh nghi\u1ec7m c\u1ee7a H\u00e0n Qu\u1ed1c.<\/div>\n<div dir=\"auto\">&#8211; S\u1eed d\u1ee5ng em n\u00e0y kh\u00f4ng nh\u1eefng ti\u1ebft ki\u1ec7m chi ph\u00ed cho kh\u00e1ch h\u00e0ng m\u00e0 l\u00ean form l\u1ea1i r\u1ea5t t\u1ef1 nhi\u00ean, ho\u00e0n t\u00f2an kh\u00f4ng g\u1eb7p t\u00ecnh tr\u1ea1ng v\u00f3n c\u1ee5c khi c\u1eed \u0111\u1ed9ng c\u01a1 m\u1eb7t.<\/div>\n<\/div>\n<div class=\"x11i5rnm xat24cr x1mh8g0r x1vvkbs xtlvy1s x126k92a\">\n<div dir=\"auto\">PH\u00c2N LO\u1ea0I:<\/div>\n<div dir=\"auto\">\u25c6 #Mizain #Voluma: Ti\u00eam m\u0169i, c\u1eb1m.<\/div>\n<div dir=\"auto\">\u25c6 #Mizain #Ultra 3: Ti\u00eam c\u1eb1m, r\u00e3nh c\u01b0\u1eddi.<\/div>\n<div dir=\"auto\">\u25c6 #Mizain #Ultra 2: Ti\u00eam m\u00f4i, m\u00e1, th\u00e1i d\u01b0\u01a1ng<\/div>\n<div dir=\"auto\"><\/div>\n<\/div>\n","protected":false},"excerpt":{"rendered":"<div class=\"xdj266r x11i5rnm xat24cr x1mh8g0r x1vvkbs x126k92a\">\n<div dir=\"auto\">\n<div class=\"xdj266r x11i5rnm xat24cr x1mh8g0r x1vvkbs x126k92a\">\n<div dir=\"auto\">Filler Mizain<\/div>\n<\/div>\n<div class=\"x11i5rnm xat24cr x1mh8g0r x1vvkbs xtlvy1s x126k92a\">\n<div dir=\"auto\">\u00a0\u01afU \u0110I\u1ec2M:<\/div>\n<div dir=\"auto\">&#8211; L\u1ea7n \u0111\u1ea7u ti\u00ean xu\u1ea5t hi\u1ec7n 1 lo\u1ea1i Filler 26% HA ph\u1ea3i n\u00f3i l\u00e0 si\u00eau ph\u1ea9m h\u00e0ng \u0111\u1ea7u th\u1ebf gi\u1edbi, \u0111\u01b0\u1ee3c \u0111\u00e1nh gi\u00e1 cao t\u1eeb c\u00e1c b\u00e1c s\u1ef9 gi\u00e0u kinh nghi\u1ec7m c\u1ee7a H\u00e0n Qu\u1ed1c.<\/div>\n<div dir=\"auto\">&#8211; S\u1eed d\u1ee5ng em n\u00e0y kh\u00f4ng nh\u1eefng ti\u1ebft ki\u1ec7m chi ph\u00ed cho kh\u00e1ch h\u00e0ng m\u00e0 l\u00ean form l\u1ea1i r\u1ea5t t\u1ef1 nhi\u00ean, ho\u00e0n t\u00f2an kh\u00f4ng g\u1eb7p t\u00ecnh tr\u1ea1ng v\u00f3n c\u1ee5c khi c\u1eed \u0111\u1ed9ng c\u01a1 m\u1eb7t.<\/div>\n<\/div>\n<div class=\"x11i5rnm xat24cr x1mh8g0r x1vvkbs xtlvy1s x126k92a\">\n<div dir=\"auto\">PH\u00c2N LO\u1ea0I:<\/div>\n<div dir=\"auto\">\u25c6 #Mizain #Voluma: Ti\u00eam m\u0169i, c\u1eb1m.<\/div>\n<div dir=\"auto\">\u25c6 #Mizain #Ultra 3: Ti\u00eam c\u1eb1m, r\u00e3nh c\u01b0\u1eddi.<\/div>\n<div dir=\"auto\">\u25c6 #Mizain #Ultra 2: Ti\u00eam m\u00f4i, m\u00e1, th\u00e1i d\u01b0\u01a1ng<\/div>\n<div dir=\"auto\"><\/div>\n<\/div>\n<\/div>\n<\/div>\n","protected":false},"featured_media":22069,"comment_status":"open","ping_status":"closed","template":"","meta":[],"product_cat":[51],"product_tag":[],"class_list":{"0":"post-21994","1":"product","2":"type-product","3":"status-publish","4":"has-post-thumbnail","6":"product_cat-filler","8":"first","9":"instock","10":"shipping-taxable","11":"purchasable","12":"product-type-simple"},"_links":{"self":[{"href":"https:\/\/phukienthammy.com.vn\/index.php?rest_route=\/wp\/v2\/product\/21994","targetHints":{"allow":["GET"]}}],"collection":[{"href":"https:\/\/phukienthammy.com.vn\/index.php?rest_route=\/wp\/v2\/product"}],"about":[{"href":"https:\/\/phukienthammy.com.vn\/index.php?rest_route=\/wp\/v2\/types\/product"}],"replies":[{"embeddable":true,"href":"https:\/\/phukienthammy.com.vn\/index.php?rest_route=%2Fwp%2Fv2%2Fcomments&post=21994"}],"version-history":[{"count":0,"href":"https:\/\/phukienthammy.com.vn\/index.php?rest_route=\/wp\/v2\/product\/21994\/revisions"}],"wp:featuredmedia":[{"embeddable":true,"href":"https:\/\/phukienthammy.com.vn\/index.php?rest_route=\/wp\/v2\/media\/22069"}],"wp:attachment":[{"href":"https:\/\/phukienthammy.com.vn\/index.php?rest_route=%2Fwp%2Fv2%2Fmedia&parent=21994"}],"wp:term":[{"taxonomy":"product_cat","embeddable":true,"href":"https:\/\/phukienthammy.com.vn\/index.php?rest_route=%2Fwp%2Fv2%2Fproduct_cat&post=21994"},{"taxonomy":"product_tag","embeddable":true,"href":"https:\/\/phukienthammy.com.vn\/index.php?rest_route=%2Fwp%2Fv2%2Fproduct_tag&post=21994"}],"curies":[{"name":"wp","href":"https:\/\/api.w.org\/{rel}","templated":true}]}}