{"id":21993,"date":"2024-03-20T23:32:09","date_gmt":"2024-03-20T16:32:09","guid":{"rendered":"https:\/\/phukienthammy.com.vn\/?post_type=product&#038;p=21993"},"modified":"2024-03-20T23:32:43","modified_gmt":"2024-03-20T16:32:43","slug":"filler-fabianne","status":"publish","type":"product","link":"https:\/\/phukienthammy.com.vn\/?product=filler-fabianne","title":{"rendered":"Filler Fabianne"},"content":{"rendered":"<div dir=\"auto\">Filler Fabianne &#8211; D\u00e0nh Cho H\u1ecdc Vi\u00ean &#8211; M\u1eabu Ch\u00ednh H\u00e3ng H\u00e0n Qu\u1ed1c<\/div>\n<div dir=\"auto\">&#8212;&#8212;&#8212;&#8212;&#8212;&#8212;&#8212;&#8212;&#8212;&#8212;&#8212;&#8212;&#8212;&#8212;&#8211;<\/div>\n<div dir=\"auto\">Fabianne l\u00e0 s\u1ea3n ph\u1ea9m m\u1edbi c\u1ee7a c\u00f4ng ty Beautifull Korea s\u1ea3n xu\u1ea5t<\/div>\n<div dir=\"auto\">QUI C\u00c1CH: H\u1ed9p 1 \u1ed1ng\/ m\u1ed7i \u1ed1ng 1cc<\/div>\n<div dir=\"auto\">\u0110\u1ed8 L\u01afU TR\u1eee:<\/div>\n<div dir=\"auto\">FABIANNE C\u1ef1c k\u00ec l\u00e0nh t\u00ednh, Hi\u1ec7u qu\u1ea3, An to\u00e0n, Kh\u00f4ng x\u00e2m l\u1ea5n.<\/div>\n<div dir=\"auto\">\u00a0\u0110\u1ed9 b\u1ec1n cao k\u00e9o d\u00e0i 12-18 th\u00e1ng<\/div>\n<div dir=\"auto\">\u00a0C\u00f3 nhi\u1ec1u lo\u1ea1i ph\u00f9 h\u1ee3p t\u1eebng v\u00f9ng<\/div>\n<div dir=\"auto\">PH\u00c2N LO\u1ea0I :<\/div>\n<div dir=\"auto\">Fabianne 101: C\u1ee9ng: Chuy\u00ean d\u00f9ng \u0111\u1ec3 ti\u00eam x\u00f3a n\u1ebfp nh\u0103n s\u00e2u, ti\u00eam x\u00f3a nh\u0103n .<\/div>\n<div dir=\"auto\">Fabiane 102 : Trung : Chuy\u00ean d\u00f9ng \u0111\u1ec3 ti\u00eam c\u0103ng m\u1ecdng m\u00f4i, n\u1ebfp nh\u0103n nh\u1ecf quanh mi\u1ec7ng, quanh m\u1eaft, ti\u00eam x\u00f3a n\u1ebfp nh\u0103n, ti\u00eam m\u00e1 baby.<\/div>\n<div dir=\"auto\">Fabianne 103 : M\u1ec1m : Chuy\u00ean d\u00f9ng \u0111\u1ec3 ti\u00eam c\u0103ng m\u1ecdng m\u00f4i, n\u1ebfp nh\u0103n nh\u1ecf quanh mi\u1ec7ng, quanh m\u1eaft.<\/div>\n<div dir=\"auto\">&#8212;&#8212;&#8212;&#8212;&#8212;&#8212;&#8212;&#8212;&#8212;&#8212;&#8212;&#8212;&#8212;&#8212;&#8212;&#8212;&#8212;&#8212;&#8211;<\/div>\n<div dir=\"auto\">&#8211; H\u00e0ng cam k\u1ebft ch\u1ea5t l\u01b0\u1ee3ng v\u00e0 ngu\u1ed3n g\u1ed1c xu\u1ea5t x\u1ee9<\/div>\n<div dir=\"auto\">&#8211; Ship COD to\u00e0n qu\u1ed1c<\/div>\n<div dir=\"auto\">&#8211; Gi\u00e1 \u01b0u \u0111\u00e3i t\u1ed1t cho CTV v\u00e0 TMV, Spa<\/div>\n<div dir=\"auto\"><\/div>\n<div dir=\"auto\"><\/div>\n","protected":false},"excerpt":{"rendered":"<div dir=\"auto\">Filler Fabianne &#8211; D\u00e0nh Cho H\u1ecdc Vi\u00ean &#8211; M\u1eabu Ch\u00ednh H\u00e3ng H\u00e0n Qu\u1ed1c<\/div>\n<div dir=\"auto\">&#8212;&#8212;&#8212;&#8212;&#8212;&#8212;&#8212;&#8212;&#8212;&#8212;&#8212;&#8212;&#8212;&#8212;&#8211;<\/div>\n<div dir=\"auto\">Fabianne l\u00e0 s\u1ea3n ph\u1ea9m m\u1edbi c\u1ee7a c\u00f4ng ty Beautifull Korea s\u1ea3n xu\u1ea5t<\/div>\n<div dir=\"auto\">QUI C\u00c1CH: H\u1ed9p 1 \u1ed1ng\/ m\u1ed7i \u1ed1ng 1cc<\/div>\n<div dir=\"auto\">\u0110\u1ed8 L\u01afU TR\u1eee:<\/div>\n<div dir=\"auto\">FABIANNE C\u1ef1c k\u00ec l\u00e0nh t\u00ednh, Hi\u1ec7u qu\u1ea3, An to\u00e0n, Kh\u00f4ng x\u00e2m l\u1ea5n.<\/div>\n<div dir=\"auto\">\u00a0\u0110\u1ed9 b\u1ec1n cao k\u00e9o d\u00e0i 12-18 th\u00e1ng<\/div>\n<div dir=\"auto\">\u00a0C\u00f3 nhi\u1ec1u lo\u1ea1i ph\u00f9 h\u1ee3p t\u1eebng v\u00f9ng<\/div>\n<div dir=\"auto\">PH\u00c2N LO\u1ea0I :<\/div>\n<div dir=\"auto\">Fabianne 101: C\u1ee9ng: Chuy\u00ean d\u00f9ng \u0111\u1ec3 ti\u00eam x\u00f3a n\u1ebfp nh\u0103n s\u00e2u, ti\u00eam x\u00f3a nh\u0103n .<\/div>\n<div dir=\"auto\">Fabiane 102 : Trung : Chuy\u00ean d\u00f9ng \u0111\u1ec3 ti\u00eam c\u0103ng m\u1ecdng m\u00f4i, n\u1ebfp nh\u0103n nh\u1ecf quanh mi\u1ec7ng, quanh m\u1eaft, ti\u00eam x\u00f3a n\u1ebfp nh\u0103n, ti\u00eam m\u00e1 baby.<\/div>\n<div dir=\"auto\">Fabianne 103 : M\u1ec1m : Chuy\u00ean d\u00f9ng \u0111\u1ec3 ti\u00eam c\u0103ng m\u1ecdng m\u00f4i, n\u1ebfp nh\u0103n nh\u1ecf quanh mi\u1ec7ng, quanh m\u1eaft.<\/div>\n<div dir=\"auto\">&#8212;&#8212;&#8212;&#8212;&#8212;&#8212;&#8212;&#8212;&#8212;&#8212;&#8212;&#8212;&#8212;&#8212;&#8212;&#8212;&#8212;&#8212;&#8211;<\/div>\n<div dir=\"auto\">&#8211; H\u00e0ng cam k\u1ebft ch\u1ea5t l\u01b0\u1ee3ng v\u00e0 ngu\u1ed3n g\u1ed1c xu\u1ea5t x\u1ee9<\/div>\n<div dir=\"auto\">&#8211; Ship COD to\u00e0n qu\u1ed1c<\/div>\n<div dir=\"auto\">&#8211; Gi\u00e1 \u01b0u \u0111\u00e3i t\u1ed1t cho CTV v\u00e0 TMV, Spa<\/div>\n<div dir=\"auto\"><\/div>\n<div dir=\"auto\"><\/div>\n","protected":false},"featured_media":22064,"comment_status":"open","ping_status":"closed","template":"","meta":[],"product_cat":[51],"product_tag":[],"class_list":{"0":"post-21993","1":"product","2":"type-product","3":"status-publish","4":"has-post-thumbnail","6":"product_cat-filler","8":"first","9":"instock","10":"shipping-taxable","11":"purchasable","12":"product-type-simple"},"_links":{"self":[{"href":"https:\/\/phukienthammy.com.vn\/index.php?rest_route=\/wp\/v2\/product\/21993","targetHints":{"allow":["GET"]}}],"collection":[{"href":"https:\/\/phukienthammy.com.vn\/index.php?rest_route=\/wp\/v2\/product"}],"about":[{"href":"https:\/\/phukienthammy.com.vn\/index.php?rest_route=\/wp\/v2\/types\/product"}],"replies":[{"embeddable":true,"href":"https:\/\/phukienthammy.com.vn\/index.php?rest_route=%2Fwp%2Fv2%2Fcomments&post=21993"}],"version-history":[{"count":0,"href":"https:\/\/phukienthammy.com.vn\/index.php?rest_route=\/wp\/v2\/product\/21993\/revisions"}],"wp:featuredmedia":[{"embeddable":true,"href":"https:\/\/phukienthammy.com.vn\/index.php?rest_route=\/wp\/v2\/media\/22064"}],"wp:attachment":[{"href":"https:\/\/phukienthammy.com.vn\/index.php?rest_route=%2Fwp%2Fv2%2Fmedia&parent=21993"}],"wp:term":[{"taxonomy":"product_cat","embeddable":true,"href":"https:\/\/phukienthammy.com.vn\/index.php?rest_route=%2Fwp%2Fv2%2Fproduct_cat&post=21993"},{"taxonomy":"product_tag","embeddable":true,"href":"https:\/\/phukienthammy.com.vn\/index.php?rest_route=%2Fwp%2Fv2%2Fproduct_tag&post=21993"}],"curies":[{"name":"wp","href":"https:\/\/api.w.org\/{rel}","templated":true}]}}