{"id":21991,"date":"2024-03-20T23:32:09","date_gmt":"2024-03-20T16:32:09","guid":{"rendered":"https:\/\/phukienthammy.com.vn\/?post_type=product&#038;p=21991"},"modified":"2024-12-21T15:13:04","modified_gmt":"2024-12-21T08:13:04","slug":"filler-hyalexa","status":"publish","type":"product","link":"https:\/\/phukienthammy.com.vn\/?product=filler-hyalexa","title":{"rendered":"Filler Hyalexa"},"content":{"rendered":"<p><strong>Filler Hyalexa<\/strong> c\u00f3 3 d\u00f2ng l\u00e0 : c\u1ee9ng, trung, m\u1ec1m<\/p>\n<ul>\n<li><strong>Hyalexa<\/strong>\u00a0soft (m\u1ec1m):Me\u0302\u0300m tie\u0302m cho: mo\u0302i, ma\u0301, ra\u0303nh cu\u031bo\u031b\u0300i, ho\u0302\u0301c ma\u0306\u0301t, tha\u0301i du\u031bo\u031bng, tra\u0301n, la\u0300m \u0111a\u0302\u0300y tay, cha\u0302n, xoa\u0301 nha\u0306n \u0111uo\u0302i cha\u0302n chim ma\u0306\u0301t<\/li>\n<li><strong>Hyalexa<\/strong>\u00a0medium (trung):\u0110o\u0323\u0302 cu\u031b\u0301ng trung bi\u0300nh: tie\u0302m cho da\u0301ng ca\u0306\u0300m tu\u031b\u0323 nhie\u0302n, ma\u0301, ca\u0306\u0300m, ra\u0303nh cu\u031bo\u031b\u0300i, mo\u0302i la\u0323\u0306n ma\u0302\u0301u vo\u031b\u0301i \u0111o\u0323\u0302 be\u0302\u0300n ra\u0302\u0301t cao.<\/li>\n<li><strong>Hyalexa<\/strong>\u00a0hard (c\u1ee9ng): Sie\u0302u cu\u031b\u0301ng ca\u0301c vu\u0300ng tie\u0302m cho mu\u0303i, ca\u0306\u0300m.<\/li>\n<\/ul>\n<p>&nbsp;<\/p>\n","protected":false},"excerpt":{"rendered":"<p><strong>Filler Hyalexa<\/strong>\u00a0c\u00f3 3 d\u00f2ng l\u00e0 : c\u1ee9ng,trung,m\u1ec1m<\/p>\n<ul>\n<li><strong>Hyalexa<\/strong>\u00a0soft (m\u1ec1m):Me\u0302\u0300m tie\u0302m cho: mo\u0302i, ma\u0301, ra\u0303nh cu\u031bo\u031b\u0300i, ho\u0302\u0301c ma\u0306\u0301t, tha\u0301i du\u031bo\u031bng, tra\u0301n, la\u0300m \u0111a\u0302\u0300y tay, cha\u0302n, xoa\u0301 nha\u0306n \u0111uo\u0302i cha\u0302n chim ma\u0306\u0301t<\/li>\n<li><strong>Hyalexa<\/strong>\u00a0medium (trung):\u0110o\u0323\u0302 cu\u031b\u0301ng trung bi\u0300nh: tie\u0302m cho da\u0301ng ca\u0306\u0300m tu\u031b\u0323 nhie\u0302n, ma\u0301, ca\u0306\u0300m, ra\u0303nh cu\u031bo\u031b\u0300i, mo\u0302i la\u0323\u0306n ma\u0302\u0301u vo\u031b\u0301i \u0111o\u0323\u0302 be\u0302\u0300n ra\u0302\u0301t cao.<\/li>\n<li><strong>Hyalexa<\/strong>\u00a0hard (c\u1ee9ng): Sie\u0302u cu\u031b\u0301ng ca\u0301c vu\u0300ng tie\u0302m cho mu\u0303i, ca\u0306\u0300m.<\/li>\n<\/ul>\n<p>&nbsp;<\/p>\n","protected":false},"featured_media":22054,"comment_status":"open","ping_status":"closed","template":"","meta":[],"product_cat":[51],"product_tag":[],"class_list":{"0":"post-21991","1":"product","2":"type-product","3":"status-publish","4":"has-post-thumbnail","6":"product_cat-filler","8":"first","9":"instock","10":"shipping-taxable","11":"purchasable","12":"product-type-simple"},"_links":{"self":[{"href":"https:\/\/phukienthammy.com.vn\/index.php?rest_route=\/wp\/v2\/product\/21991","targetHints":{"allow":["GET"]}}],"collection":[{"href":"https:\/\/phukienthammy.com.vn\/index.php?rest_route=\/wp\/v2\/product"}],"about":[{"href":"https:\/\/phukienthammy.com.vn\/index.php?rest_route=\/wp\/v2\/types\/product"}],"replies":[{"embeddable":true,"href":"https:\/\/phukienthammy.com.vn\/index.php?rest_route=%2Fwp%2Fv2%2Fcomments&post=21991"}],"version-history":[{"count":2,"href":"https:\/\/phukienthammy.com.vn\/index.php?rest_route=\/wp\/v2\/product\/21991\/revisions"}],"predecessor-version":[{"id":22734,"href":"https:\/\/phukienthammy.com.vn\/index.php?rest_route=\/wp\/v2\/product\/21991\/revisions\/22734"}],"wp:featuredmedia":[{"embeddable":true,"href":"https:\/\/phukienthammy.com.vn\/index.php?rest_route=\/wp\/v2\/media\/22054"}],"wp:attachment":[{"href":"https:\/\/phukienthammy.com.vn\/index.php?rest_route=%2Fwp%2Fv2%2Fmedia&parent=21991"}],"wp:term":[{"taxonomy":"product_cat","embeddable":true,"href":"https:\/\/phukienthammy.com.vn\/index.php?rest_route=%2Fwp%2Fv2%2Fproduct_cat&post=21991"},{"taxonomy":"product_tag","embeddable":true,"href":"https:\/\/phukienthammy.com.vn\/index.php?rest_route=%2Fwp%2Fv2%2Fproduct_tag&post=21991"}],"curies":[{"name":"wp","href":"https:\/\/api.w.org\/{rel}","templated":true}]}}