{"id":21990,"date":"2024-03-20T23:32:09","date_gmt":"2024-03-20T16:32:09","guid":{"rendered":"https:\/\/phukienthammy.com.vn\/?post_type=product&#038;p=21990"},"modified":"2025-06-19T10:39:52","modified_gmt":"2025-06-19T03:39:52","slug":"filler-hyaldew","status":"publish","type":"product","link":"https:\/\/phukienthammy.com.vn\/?product=filler-hyaldew","title":{"rendered":"Filler HyalDew"},"content":{"rendered":"<div dir=\"auto\">\n<h3 data-start=\"275\" data-end=\"337\"><strong data-start=\"279\" data-end=\"335\">Filler HyalDew \u2013 Ch\u1ea5t L\u00e0m \u0110\u1ea7y Ch\u00ednh H\u00e3ng T\u1eeb H\u00e0n Qu\u1ed1c<\/strong><\/h3>\n<p data-start=\"338\" data-end=\"452\"><strong data-start=\"338\" data-end=\"350\">Xu\u1ea5t x\u1ee9:<\/strong> H\u00e0n Qu\u1ed1c<br data-start=\"359\" data-end=\"362\" \/><strong data-start=\"362\" data-end=\"374\">Cam k\u1ebft:<\/strong> H\u00e0ng ch\u00ednh h\u00e3ng, \u0111\u01b0\u1ee3c ph\u00e2n ph\u1ed1i cho nhi\u1ec1u spa v\u00e0 c\u01a1 s\u1edf th\u1ea9m m\u1ef9 tr\u00ean to\u00e0n qu\u1ed1c<\/p>\n<hr data-start=\"454\" data-end=\"457\" \/>\n<p data-start=\"459\" data-end=\"713\"><strong data-start=\"459\" data-end=\"483\">Gi\u1edbi thi\u1ec7u s\u1ea3n ph\u1ea9m:<\/strong><br data-start=\"483\" data-end=\"486\" \/>Filler HyalDew l\u00e0 d\u00f2ng ch\u1ea5t l\u00e0m \u0111\u1ea7y \u0111\u01b0\u1ee3c s\u1ea3n xu\u1ea5t theo c\u00f4ng ngh\u1ec7 li\u00ean k\u1ebft ch\u00e9o ti\u00ean ti\u1ebfn, n\u1ed5i b\u1eadt v\u1edbi \u0111\u1ed9 \u1ed5n \u0111\u1ecbnh cao, \u0111\u1ed9 b\u1ec1n t\u1ed1i \u01b0u v\u00e0 k\u1ebft c\u1ea5u h\u1ea1t m\u1ecbn. S\u1ea3n ph\u1ea9m \u0111\u01b0\u1ee3c nhi\u1ec1u chuy\u00ean gia v\u00e0 \u0111\u01a1n v\u1ecb l\u00e0m \u0111\u1eb9p t\u1ea1i c\u00e1c qu\u1ed1c gia tin d\u00f9ng.<\/p>\n<hr data-start=\"715\" data-end=\"718\" \/>\n<p data-start=\"720\" data-end=\"745\"><strong data-start=\"720\" data-end=\"743\">Ph\u00e2n lo\u1ea1i s\u1ea3n ph\u1ea9m:<\/strong><\/p>\n<ul data-start=\"746\" data-end=\"1044\">\n<li data-start=\"746\" data-end=\"835\">\n<p data-start=\"748\" data-end=\"835\"><strong data-start=\"748\" data-end=\"778\">HyalDew All (\u0110\u1ed9 c\u1ee9ng cao):<\/strong> Ph\u00f9 h\u1ee3p s\u1eed d\u1ee5ng t\u1ea1i c\u00e1c v\u00f9ng c\u00f3 m\u00f4 d\u00e0y v\u00e0 \u0111\u1ecbnh h\u00ecnh r\u00f5<\/p>\n<\/li>\n<li data-start=\"836\" data-end=\"930\">\n<p data-start=\"838\" data-end=\"930\"><strong data-start=\"838\" data-end=\"867\">HyalDew Mid (Trung b\u00ecnh):<\/strong> \u1ee8ng d\u1ee5ng cho v\u00f9ng m\u00e1, c\u1eb1m, th\u00e1i d\u01b0\u01a1ng, v\u00f9ng c\u1ea7n \u0111\u1ed9 linh ho\u1ea1t<\/p>\n<\/li>\n<li data-start=\"931\" data-end=\"1044\">\n<p data-start=\"933\" data-end=\"1044\"><strong data-start=\"933\" data-end=\"956\">HyalDew Fine (M\u1ec1m):<\/strong> D\u00e0nh cho v\u00f9ng da m\u1ecfng v\u00e0 chi ti\u1ebft, th\u01b0\u1eddng d\u00f9ng trong c\u00e1c li\u1ec7u tr\u00ecnh ch\u0103m s\u00f3c tinh ch\u1ec9nh<\/p>\n<\/li>\n<\/ul>\n<hr data-start=\"1046\" data-end=\"1049\" \/>\n<p data-start=\"1051\" data-end=\"1073\"><strong data-start=\"1051\" data-end=\"1071\">\u01afu \u0111i\u1ec3m n\u1ed5i b\u1eadt:<\/strong><\/p>\n<ul data-start=\"1074\" data-end=\"1262\">\n<li data-start=\"1074\" data-end=\"1115\">\n<p data-start=\"1076\" data-end=\"1115\">C\u1ea5u tr\u00fac gel \u1ed5n \u0111\u1ecbnh, \u0111\u1ed9 li\u00ean k\u1ebft cao<\/p>\n<\/li>\n<li data-start=\"1116\" data-end=\"1147\">\n<p data-start=\"1118\" data-end=\"1147\">H\u1ea1t filler m\u1ecbn, d\u1ec5 t\u1ea1o h\u00ecnh<\/p>\n<\/li>\n<li data-start=\"1148\" data-end=\"1205\">\n<p data-start=\"1150\" data-end=\"1205\">Gi\u00e1 th\u00e0nh h\u1ee3p l\u00fd, ph\u00f9 h\u1ee3p v\u1edbi nhi\u1ec1u \u0111\u1ed1i t\u01b0\u1ee3ng s\u1eed d\u1ee5ng<\/p>\n<\/li>\n<li data-start=\"1206\" data-end=\"1262\">\n<p data-start=\"1208\" data-end=\"1262\">\u0110\u01b0\u1ee3c s\u1ea3n xu\u1ea5t t\u1ea1i nh\u00e0 m\u00e1y \u0111\u1ea1t chu\u1ea9n ch\u1ea5t l\u01b0\u1ee3ng qu\u1ed1c t\u1ebf<\/p>\n<\/li>\n<\/ul>\n<hr data-start=\"1264\" data-end=\"1267\" \/>\n<p data-start=\"1269\" data-end=\"1289\"><strong data-start=\"1269\" data-end=\"1287\">L\u01b0u \u00fd s\u1eed d\u1ee5ng:<\/strong><\/p>\n<ul data-start=\"1290\" data-end=\"1495\">\n<li data-start=\"1290\" data-end=\"1349\">\n<p data-start=\"1292\" data-end=\"1349\">S\u1eed d\u1ee5ng b\u1edfi ng\u01b0\u1eddi c\u00f3 chuy\u00ean m\u00f4n t\u1ea1i c\u01a1 s\u1edf \u0111\u01b0\u1ee3c c\u1ea5p ph\u00e9p<\/p>\n<\/li>\n<li data-start=\"1350\" data-end=\"1426\">\n<p data-start=\"1352\" data-end=\"1426\">Kh\u00f4ng d\u00f9ng cho ng\u01b0\u1eddi d\u01b0\u1edbi 18 tu\u1ed5i, ph\u1ee5 n\u1eef \u0111ang mang thai ho\u1eb7c cho con b\u00fa<\/p>\n<\/li>\n<li data-start=\"1427\" data-end=\"1495\">\n<p data-start=\"1429\" data-end=\"1495\">Kh\u00f4ng s\u1eed d\u1ee5ng n\u1ebfu c\u00f3 d\u1ecb \u1ee9ng v\u1edbi b\u1ea5t k\u1ef3 th\u00e0nh ph\u1ea7n n\u00e0o c\u1ee7a s\u1ea3n ph\u1ea9m<\/p>\n<\/li>\n<\/ul>\n<\/div>\n","protected":false},"excerpt":{"rendered":"<div dir=\"auto\">\n<p data-start=\"338\" data-end=\"452\"><strong data-start=\"338\" data-end=\"350\">Xu\u1ea5t x\u1ee9:<\/strong> H\u00e0n Qu\u1ed1c<br data-start=\"359\" data-end=\"362\" \/><strong data-start=\"362\" data-end=\"374\">Cam k\u1ebft:<\/strong> H\u00e0ng ch\u00ednh h\u00e3ng, \u0111\u01b0\u1ee3c ph\u00e2n ph\u1ed1i cho nhi\u1ec1u spa v\u00e0 c\u01a1 s\u1edf th\u1ea9m m\u1ef9 tr\u00ean to\u00e0n qu\u1ed1c<\/p>\n<hr data-start=\"454\" data-end=\"457\" \/>\n<p data-start=\"459\" data-end=\"713\"><strong data-start=\"459\" data-end=\"483\">Gi\u1edbi thi\u1ec7u s\u1ea3n ph\u1ea9m:<\/strong><br data-start=\"483\" data-end=\"486\" \/>Filler HyalDew l\u00e0 d\u00f2ng ch\u1ea5t l\u00e0m \u0111\u1ea7y \u0111\u01b0\u1ee3c s\u1ea3n xu\u1ea5t theo c\u00f4ng ngh\u1ec7 li\u00ean k\u1ebft ch\u00e9o ti\u00ean ti\u1ebfn, n\u1ed5i b\u1eadt v\u1edbi \u0111\u1ed9 \u1ed5n \u0111\u1ecbnh cao, \u0111\u1ed9 b\u1ec1n t\u1ed1i \u01b0u v\u00e0 k\u1ebft c\u1ea5u h\u1ea1t m\u1ecbn. S\u1ea3n ph\u1ea9m \u0111\u01b0\u1ee3c nhi\u1ec1u chuy\u00ean gia v\u00e0 \u0111\u01a1n v\u1ecb l\u00e0m \u0111\u1eb9p t\u1ea1i c\u00e1c qu\u1ed1c gia tin d\u00f9ng.<\/p>\n<\/div>\n","protected":false},"featured_media":22050,"comment_status":"open","ping_status":"closed","template":"","meta":[],"product_cat":[51],"product_tag":[],"class_list":{"0":"post-21990","1":"product","2":"type-product","3":"status-publish","4":"has-post-thumbnail","6":"product_cat-filler","8":"first","9":"instock","10":"shipping-taxable","11":"purchasable","12":"product-type-simple"},"_links":{"self":[{"href":"https:\/\/phukienthammy.com.vn\/index.php?rest_route=\/wp\/v2\/product\/21990","targetHints":{"allow":["GET"]}}],"collection":[{"href":"https:\/\/phukienthammy.com.vn\/index.php?rest_route=\/wp\/v2\/product"}],"about":[{"href":"https:\/\/phukienthammy.com.vn\/index.php?rest_route=\/wp\/v2\/types\/product"}],"replies":[{"embeddable":true,"href":"https:\/\/phukienthammy.com.vn\/index.php?rest_route=%2Fwp%2Fv2%2Fcomments&post=21990"}],"version-history":[{"count":1,"href":"https:\/\/phukienthammy.com.vn\/index.php?rest_route=\/wp\/v2\/product\/21990\/revisions"}],"predecessor-version":[{"id":22843,"href":"https:\/\/phukienthammy.com.vn\/index.php?rest_route=\/wp\/v2\/product\/21990\/revisions\/22843"}],"wp:featuredmedia":[{"embeddable":true,"href":"https:\/\/phukienthammy.com.vn\/index.php?rest_route=\/wp\/v2\/media\/22050"}],"wp:attachment":[{"href":"https:\/\/phukienthammy.com.vn\/index.php?rest_route=%2Fwp%2Fv2%2Fmedia&parent=21990"}],"wp:term":[{"taxonomy":"product_cat","embeddable":true,"href":"https:\/\/phukienthammy.com.vn\/index.php?rest_route=%2Fwp%2Fv2%2Fproduct_cat&post=21990"},{"taxonomy":"product_tag","embeddable":true,"href":"https:\/\/phukienthammy.com.vn\/index.php?rest_route=%2Fwp%2Fv2%2Fproduct_tag&post=21990"}],"curies":[{"name":"wp","href":"https:\/\/api.w.org\/{rel}","templated":true}]}}