{"id":21989,"date":"2024-03-20T23:32:08","date_gmt":"2024-03-20T16:32:08","guid":{"rendered":"https:\/\/phukienthammy.com.vn\/?post_type=product&#038;p=21989"},"modified":"2024-03-20T23:32:32","modified_gmt":"2024-03-20T16:32:32","slug":"filler-jariot","status":"publish","type":"product","link":"https:\/\/phukienthammy.com.vn\/?product=filler-jariot","title":{"rendered":"Filler Jariot"},"content":{"rendered":"<p>Filler Jariot nh\u00ecn \u0111\u00e3 t\u1ecfa l\u00ean s\u1ef1 \u0111\u1eb3ng c\u1ea5p<br \/>\nKhi nh\u1eafc \u0111\u1ebfn filler t\u1ed1t nh\u1ea5t hi\u1ec7n nay, ch\u1eafc ch\u1eafn kh\u00f4ng th\u1ec3 thi\u1ebfu c\u00e1i t\u00ean FILLER #JARIOT V.I.P gi\u1ed1ng nh\u01b0 Khi n\u00f3i \u0111\u1ebfn c\u00e1c h\u00e3ng xe \u00f4 t\u00f4 \u0111\u1eaft nh\u1ea5t th\u1ebf gi\u1edbi, ta kh\u00f4ng th\u1ec3 kh\u00f4ng k\u1ec3 \u0111\u1ebfn Rolls-Royce v\u1eady..!<br \/>\n#JARIOT KING \u2013 C\u1ee9ng<br \/>\n#JARIOT QUEEN \u2013 Trung<br \/>\n#JARIOT PRINCESS \u2013 M\u1ec1m<br \/>\n\u201c\u201dKING, QUEEN, PRINCESS\u201d\u201d kh\u00f4ng nh\u1eefng n\u1ed5i ti\u1ebfng v\u1ec1 \u0111\u1ed9 sang tr\u1ecdng, \u0111\u1eb3ng c\u1ea5p m\u00e0 c\u00f2n l\u00e0 #JARIOT V.I.P \u0111i \u0111\u1ea7u v\u1ec1 c\u00f4ng ngh\u1ec7 b\u1ed5 sung th\u00e0nh ph\u1ea7n Hyaluronic Acid Collagen<br \/>\nFille c\u00f3 24% Hyaluronic Acid Collagen gi\u00fap tr\u1ebb h\u00f3a, c\u0103ng b\u00f3ng v\u00e0 ph\u1ee5c h\u1ed3i l\u00e0n da sau khi ti\u00eam.<br \/>\n&#x1fa78;\u01afu \u0111i\u1ec3m:<br \/>\n&#x2714;&#xfe0f;L\u00ean form ho\u00e0n h\u1ea3o, t\u1ef1 nhi\u00ean, . D\u1ec5 d\u00e0ng cho kh\u00e1ch ch\u1ec9nh d\u00e1ng, kh\u00f4ng s\u1ee5t d\u00e1ng sau ti\u00eam.<br \/>\n&#x2714;&#xfe0f;Kh\u00f4ng d\u1ecb \u1ee9ng c\u01a1 \u0111\u1ecba v\u00e0 th\u1eddi ti\u1ebft.<br \/>\n&#x2714;&#xfe0f;Kh\u00f4ng s\u01b0ng, kh\u00f4ng b\u1ea7m, kh\u00f4ng \u0111au bu\u1ed1t.<br \/>\n&#x2714;&#xfe0f;Kh\u00f4ng v\u00f3n c\u1ee5c.<br \/>\n&#x2714;&#xfe0f;Ti\u00eam tan 100%<\/p>\n<p>&nbsp;<\/p>\n","protected":false},"excerpt":{"rendered":"<p>Filler Jariot nh\u00ecn \u0111\u00e3 t\u1ecfa l\u00ean s\u1ef1 \u0111\u1eb3ng c\u1ea5p<br \/>\nKhi nh\u1eafc \u0111\u1ebfn filler t\u1ed1t nh\u1ea5t hi\u1ec7n nay, ch\u1eafc ch\u1eafn kh\u00f4ng th\u1ec3 thi\u1ebfu c\u00e1i t\u00ean FILLER #JARIOT V.I.P gi\u1ed1ng nh\u01b0 Khi n\u00f3i \u0111\u1ebfn c\u00e1c h\u00e3ng xe \u00f4 t\u00f4 \u0111\u1eaft nh\u1ea5t th\u1ebf gi\u1edbi, ta kh\u00f4ng th\u1ec3 kh\u00f4ng k\u1ec3 \u0111\u1ebfn Rolls-Royce v\u1eady..!<br \/>\n#JARIOT KING \u2013 C\u1ee9ng<br \/>\n#JARIOT QUEEN \u2013 Trung<br \/>\n#JARIOT PRINCESS \u2013 M\u1ec1m<br \/>\n\u201c\u201dKING, QUEEN, PRINCESS\u201d\u201d kh\u00f4ng nh\u1eefng n\u1ed5i ti\u1ebfng v\u1ec1 \u0111\u1ed9 sang tr\u1ecdng, \u0111\u1eb3ng c\u1ea5p m\u00e0 c\u00f2n l\u00e0 #JARIOT V.I.P \u0111i \u0111\u1ea7u v\u1ec1 c\u00f4ng ngh\u1ec7 b\u1ed5 sung th\u00e0nh ph\u1ea7n Hyaluronic Acid Collagen<br \/>\nFille c\u00f3 24% Hyaluronic Acid Collagen gi\u00fap tr\u1ebb h\u00f3a, c\u0103ng b\u00f3ng v\u00e0 ph\u1ee5c h\u1ed3i l\u00e0n da sau khi ti\u00eam.<br \/>\n&#x1fa78;\u01afu \u0111i\u1ec3m:<br \/>\n&#x2714;&#xfe0f;L\u00ean form ho\u00e0n h\u1ea3o, t\u1ef1 nhi\u00ean, . D\u1ec5 d\u00e0ng cho kh\u00e1ch ch\u1ec9nh d\u00e1ng, kh\u00f4ng s\u1ee5t d\u00e1ng sau ti\u00eam.<br \/>\n&#x2714;&#xfe0f;Kh\u00f4ng d\u1ecb \u1ee9ng c\u01a1 \u0111\u1ecba v\u00e0 th\u1eddi ti\u1ebft.<br \/>\n&#x2714;&#xfe0f;Kh\u00f4ng s\u01b0ng, kh\u00f4ng b\u1ea7m, kh\u00f4ng \u0111au bu\u1ed1t.<br \/>\n&#x2714;&#xfe0f;Kh\u00f4ng v\u00f3n c\u1ee5c.<br \/>\n&#x2714;&#xfe0f;Ti\u00eam tan 100%<\/p>\n<p>&nbsp;<\/p>\n","protected":false},"featured_media":22039,"comment_status":"open","ping_status":"closed","template":"","meta":[],"product_cat":[51],"product_tag":[],"class_list":{"0":"post-21989","1":"product","2":"type-product","3":"status-publish","4":"has-post-thumbnail","6":"product_cat-filler","8":"first","9":"instock","10":"shipping-taxable","11":"purchasable","12":"product-type-simple"},"_links":{"self":[{"href":"https:\/\/phukienthammy.com.vn\/index.php?rest_route=\/wp\/v2\/product\/21989","targetHints":{"allow":["GET"]}}],"collection":[{"href":"https:\/\/phukienthammy.com.vn\/index.php?rest_route=\/wp\/v2\/product"}],"about":[{"href":"https:\/\/phukienthammy.com.vn\/index.php?rest_route=\/wp\/v2\/types\/product"}],"replies":[{"embeddable":true,"href":"https:\/\/phukienthammy.com.vn\/index.php?rest_route=%2Fwp%2Fv2%2Fcomments&post=21989"}],"version-history":[{"count":0,"href":"https:\/\/phukienthammy.com.vn\/index.php?rest_route=\/wp\/v2\/product\/21989\/revisions"}],"wp:featuredmedia":[{"embeddable":true,"href":"https:\/\/phukienthammy.com.vn\/index.php?rest_route=\/wp\/v2\/media\/22039"}],"wp:attachment":[{"href":"https:\/\/phukienthammy.com.vn\/index.php?rest_route=%2Fwp%2Fv2%2Fmedia&parent=21989"}],"wp:term":[{"taxonomy":"product_cat","embeddable":true,"href":"https:\/\/phukienthammy.com.vn\/index.php?rest_route=%2Fwp%2Fv2%2Fproduct_cat&post=21989"},{"taxonomy":"product_tag","embeddable":true,"href":"https:\/\/phukienthammy.com.vn\/index.php?rest_route=%2Fwp%2Fv2%2Fproduct_tag&post=21989"}],"curies":[{"name":"wp","href":"https:\/\/api.w.org\/{rel}","templated":true}]}}