{"id":21987,"date":"2024-03-20T23:32:08","date_gmt":"2024-03-20T16:32:08","guid":{"rendered":"https:\/\/phukienthammy.com.vn\/?post_type=product&#038;p=21987"},"modified":"2024-04-11T15:52:45","modified_gmt":"2024-04-11T08:52:45","slug":"filler-body-helios","status":"publish","type":"product","link":"https:\/\/phukienthammy.com.vn\/?product=filler-body-helios","title":{"rendered":"Filler Body Helios"},"content":{"rendered":"<div dir=\"auto\"><span class=\"x3nfvp2 x1j61x8r x1fcty0u xdj266r xhhsvwb xat24cr xgzva0m xxymvpz xlup9mm x1kky2od\"><img decoding=\"async\" src=\"https:\/\/static.xx.fbcdn.net\/images\/emoji.php\/v9\/tb7\/1\/16\/269c.png\" alt=\"&#x269c;&#xfe0f;\" width=\"16\" height=\"16\" \/><\/span> Filler Body Helios <span class=\"x3nfvp2 x1j61x8r x1fcty0u xdj266r xhhsvwb xat24cr xgzva0m xxymvpz xlup9mm x1kky2od\"><img decoding=\"async\" src=\"https:\/\/static.xx.fbcdn.net\/images\/emoji.php\/v9\/tb7\/1\/16\/269c.png\" alt=\"&#x269c;&#xfe0f;\" width=\"16\" height=\"16\" \/><\/span><\/div>\n<div dir=\"auto\">Xu\u1ea5t x\u1ee9: H\u00e0n Qu\u1ed1c. H\u1ed9p 60ml<\/div>\n<div dir=\"auto\">T\u00edch ki\u1ec7m t\u1ed1i \u01b0u ho\u00e1 Gi\u00fap v\u00f2ng 1-3 t\u0103ng k\u00edch c\u1ee1 mang l\u1ea1i From t\u1ef1 nhi\u00ean m\u1ec1m m\u1ea1i, L\u00e0 v\u0169 kh\u00ed gi\u00fap ch\u1ecb em l\u1ea5y l\u1ea1i t\u1ef1 tin v\u00e0 c\u1ea3i thi\u1ec7n v\u00f3c d\u00e1ng nh\u01b0 si\u00eau m\u1eabu.<\/div>\n<div dir=\"auto\">\u0110\u1ed9 c\u1ee9ng t\u1ed1i \u01b0u c\u1ee7a gel gi\u00fap \u0111\u1ecbnh h\u00ecnh v\u00f9ng M\u00f4ng ng\u1ef1c tuy\u1ec7t v\u1eddi Filler \u0111\u01b0\u1ee3c thi\u1ebft k\u1ebf \u0111\u1eb7c bi\u1ec7t \u0111\u1ec3 b\u1ed5 sung th\u1ec3 t\u00edch m\u00f4 m\u1ec1m v\u00e0 t\u1ea1o \u0111\u01b0\u1eddng n\u00e9t cho c\u01a1 th\u1ec3.<\/div>\n<div dir=\"auto\">T\u0103ng k\u00edch c\u1ee1 ng\u1ef1c , m\u00f4ng body sexy<\/div>\n<div dir=\"auto\">B\u1ed5 sung th\u1ec3 t\u00edch v\u00e0 ch\u1ec9nh s\u1eeda<\/div>\n<div dir=\"auto\">Gi\u00fap v\u00f2ng Ng\u1ef1c tr\u1edf n\u00ean ho\u00e0n h\u1ea3o<\/div>\n<div dir=\"auto\">Ch\u1ec9nh s\u1eeda s\u1ef1 kh\u00f4ng \u0111\u1ed1i x\u1ee9ng c\u1ee7a M\u00f4ng<\/div>\n<div dir=\"auto\">\u0110\u1ecbnh h\u00ecnh cao, t\u01b0\u01a1ng th\u00edch c\u01a1 th\u1ec3 gi\u00fap b\u1ec1 m\u1eb7t da m\u00f4ng \u0111\u01b0\u1ee3c c\u0103ng tr\u00f2n v\u00e0 c\u00f3 t\u00ednh \u0111\u00e0n h\u1ed3i cao<\/div>\n<div dir=\"auto\">#HELIOS\u00a0V.I.P mang l\u1ea1i hi\u1ec7u qu\u1ea3 nhanh ch\u00f3ng v\u00e0 l\u00e2u d\u00e0i khi s\u1eed d\u1ee5ng \u0111\u1ed9 b\u1ec1n cao, an to\u00e0n khi s\u1eed d\u1ee5ng, kh\u00f4ng v\u00f3n c\u1ee5c, kh\u00f4ng s\u01b0ng, kh\u00f4ng \u0111au<\/div>\n","protected":false},"excerpt":{"rendered":"<div dir=\"auto\"><span class=\"x3nfvp2 x1j61x8r x1fcty0u xdj266r xhhsvwb xat24cr xgzva0m xxymvpz xlup9mm x1kky2od\"><img decoding=\"async\" src=\"https:\/\/static.xx.fbcdn.net\/images\/emoji.php\/v9\/tb7\/1\/16\/269c.png\" alt=\"&#x269c;&#xfe0f;\" width=\"16\" height=\"16\" \/> Filler Body Helios <\/span><span class=\"x3nfvp2 x1j61x8r x1fcty0u xdj266r xhhsvwb xat24cr xgzva0m xxymvpz xlup9mm x1kky2od\"><img decoding=\"async\" src=\"https:\/\/static.xx.fbcdn.net\/images\/emoji.php\/v9\/tb7\/1\/16\/269c.png\" alt=\"&#x269c;&#xfe0f;\" width=\"16\" height=\"16\" \/><\/span><\/div>\n<div dir=\"auto\">Xu\u1ea5t x\u1ee9: H\u00e0n Qu\u1ed1c. H\u1ed9p 60ml<\/div>\n<div dir=\"auto\">T\u00edch ki\u1ec7m t\u1ed1i \u01b0u ho\u00e1 Gi\u00fap v\u00f2ng 1-3 t\u0103ng k\u00edch c\u1ee1 mang l\u1ea1i From t\u1ef1 nhi\u00ean m\u1ec1m m\u1ea1i, L\u00e0 v\u0169 kh\u00ed gi\u00fap ch\u1ecb em l\u1ea5y l\u1ea1i t\u1ef1 tin v\u00e0 c\u1ea3i thi\u1ec7n v\u00f3c d\u00e1ng nh\u01b0 si\u00eau m\u1eabu.<\/div>\n<div dir=\"auto\">\u0110\u1ed9 c\u1ee9ng t\u1ed1i \u01b0u c\u1ee7a gel gi\u00fap \u0111\u1ecbnh h\u00ecnh v\u00f9ng M\u00f4ng ng\u1ef1c tuy\u1ec7t v\u1eddi Filler \u0111\u01b0\u1ee3c thi\u1ebft k\u1ebf \u0111\u1eb7c bi\u1ec7t \u0111\u1ec3 b\u1ed5 sung th\u1ec3 t\u00edch m\u00f4 m\u1ec1m v\u00e0 t\u1ea1o \u0111\u01b0\u1eddng n\u00e9t cho c\u01a1 th\u1ec3.<\/div>\n<div dir=\"auto\">T\u0103ng k\u00edch c\u1ee1 ng\u1ef1c , m\u00f4ng body sexy<\/div>\n<div dir=\"auto\">B\u1ed5 sung th\u1ec3 t\u00edch v\u00e0 ch\u1ec9nh s\u1eeda<\/div>\n<div dir=\"auto\">Gi\u00fap v\u00f2ng Ng\u1ef1c tr\u1edf n\u00ean ho\u00e0n h\u1ea3o<\/div>\n<div dir=\"auto\">Ch\u1ec9nh s\u1eeda s\u1ef1 kh\u00f4ng \u0111\u1ed1i x\u1ee9ng c\u1ee7a M\u00f4ng<\/div>\n<div dir=\"auto\">\u0110\u1ecbnh h\u00ecnh cao, t\u01b0\u01a1ng th\u00edch c\u01a1 th\u1ec3 gi\u00fap b\u1ec1 m\u1eb7t da m\u00f4ng \u0111\u01b0\u1ee3c c\u0103ng tr\u00f2n v\u00e0 c\u00f3 t\u00ednh \u0111\u00e0n h\u1ed3i cao<\/div>\n<div dir=\"auto\"><a class=\"x1i10hfl xjbqb8w x6umtig x1b1mbwd xaqea5y xav7gou x9f619 x1ypdohk xt0psk2 xe8uvvx xdj266r x11i5rnm xat24cr x1mh8g0r xexx8yu x4uap5 x18d9i69 xkhd6sd x16tdsg8 x1hl2dhg xggy1nq x1a2a7pz xt0b8zv x1qq9wsj xo1l8bm\" role=\"link\" href=\"https:\/\/www.facebook.com\/hashtag\/helios?__eep__=6&amp;__cft__[0]=AZUoIdQ8wxSKYQdi271qoPhyRqhwzT5SAus2Tg2vug3fLieJgA8sBOknENloBKawhMybkerkxqdMwOPG_d3fnysm04GyPIoNMVWIsIOWSxCw8w&amp;__tn__=*NK-R\">#HELIOS<\/a>\u00a0V.I.P mang l\u1ea1i hi\u1ec7u qu\u1ea3 nhanh ch\u00f3ng v\u00e0 l\u00e2u d\u00e0i khi s\u1eed d\u1ee5ng \u0111\u1ed9 b\u1ec1n cao, an to\u00e0n khi s\u1eed d\u1ee5ng, kh\u00f4ng v\u00f3n c\u1ee5c, kh\u00f4ng s\u01b0ng, kh\u00f4ng \u0111au<\/div>\n","protected":false},"featured_media":22029,"comment_status":"open","ping_status":"closed","template":"","meta":[],"product_cat":[51],"product_tag":[],"class_list":{"0":"post-21987","1":"product","2":"type-product","3":"status-publish","4":"has-post-thumbnail","6":"product_cat-filler","8":"first","9":"instock","10":"shipping-taxable","11":"purchasable","12":"product-type-simple"},"_links":{"self":[{"href":"https:\/\/phukienthammy.com.vn\/index.php?rest_route=\/wp\/v2\/product\/21987","targetHints":{"allow":["GET"]}}],"collection":[{"href":"https:\/\/phukienthammy.com.vn\/index.php?rest_route=\/wp\/v2\/product"}],"about":[{"href":"https:\/\/phukienthammy.com.vn\/index.php?rest_route=\/wp\/v2\/types\/product"}],"replies":[{"embeddable":true,"href":"https:\/\/phukienthammy.com.vn\/index.php?rest_route=%2Fwp%2Fv2%2Fcomments&post=21987"}],"version-history":[{"count":0,"href":"https:\/\/phukienthammy.com.vn\/index.php?rest_route=\/wp\/v2\/product\/21987\/revisions"}],"wp:featuredmedia":[{"embeddable":true,"href":"https:\/\/phukienthammy.com.vn\/index.php?rest_route=\/wp\/v2\/media\/22029"}],"wp:attachment":[{"href":"https:\/\/phukienthammy.com.vn\/index.php?rest_route=%2Fwp%2Fv2%2Fmedia&parent=21987"}],"wp:term":[{"taxonomy":"product_cat","embeddable":true,"href":"https:\/\/phukienthammy.com.vn\/index.php?rest_route=%2Fwp%2Fv2%2Fproduct_cat&post=21987"},{"taxonomy":"product_tag","embeddable":true,"href":"https:\/\/phukienthammy.com.vn\/index.php?rest_route=%2Fwp%2Fv2%2Fproduct_tag&post=21987"}],"curies":[{"name":"wp","href":"https:\/\/api.w.org\/{rel}","templated":true}]}}