{"id":21986,"date":"2024-03-20T23:32:08","date_gmt":"2024-03-20T16:32:08","guid":{"rendered":"https:\/\/phukienthammy.com.vn\/?post_type=product&#038;p=21986"},"modified":"2024-03-20T23:32:20","modified_gmt":"2024-03-20T16:32:20","slug":"filler-vivacy-luxury","status":"publish","type":"product","link":"https:\/\/phukienthammy.com.vn\/?product=filler-vivacy-luxury","title":{"rendered":"Filler Vivacy Luxury"},"content":{"rendered":"<div dir=\"auto\">Filler Vivacy Luxury<\/div>\n<div dir=\"auto\">Xu\u1ea5t x\u1ee9: H\u00e0n Qu\u1ed1c<\/div>\n<div dir=\"auto\">Quy c\u00e1ch: 1 H\u1ed9p \/ 1ml<\/div>\n<div dir=\"auto\"><\/div>\n<div dir=\"auto\">\u2606 VIVACY LUXURY 2XL \u2013 M\u0169i VIP~\u0111\u1eb9p 1cc<\/div>\n<div dir=\"auto\">\u2606 VIVACY LUXURY XL \u2013 M\u0169i c\u1ee9ng<\/div>\n<div dir=\"auto\">\u2606 VIVACY LUXURY L \u2013 C\u1eb1m \u0111\u1eb9p 1cc<\/div>\n<div dir=\"auto\">\u2606 VIVACY LUXURY M &#8211; M\u00f4i, m\u00e1 &amp; R\u00e3nh c\u01b0\u1eddi.<\/div>\n<div dir=\"auto\">\u2606 VIVACY LUXURY S &#8211; M\u00e1 Baby, Th\u00e1i d\u01b0\u01a1ng, L\u00e0m \u0111\u1ea7y, X\u00f3a n\u1ebfp nh\u0103n t\u0129nh.<\/div>\n<div dir=\"auto\"><\/div>\n","protected":false},"excerpt":{"rendered":"<div dir=\"auto\">\n<div dir=\"auto\">\n<div dir=\"auto\">Filler Vivacy Luxury<\/div>\n<div dir=\"auto\">Xu\u1ea5t x\u1ee9: H\u00e0n Qu\u1ed1c<\/div>\n<div dir=\"auto\">Quy c\u00e1ch: 1 H\u1ed9p \/ 1ml<\/div>\n<div dir=\"auto\"><\/div>\n<div dir=\"auto\">\u2606 VIVACY LUXURY 2XL \u2013 M\u0169i VIP~\u0111\u1eb9p 1cc<\/div>\n<div dir=\"auto\">\u2606 VIVACY LUXURY XL \u2013 M\u0169i c\u1ee9ng<\/div>\n<div dir=\"auto\">\u2606 VIVACY LUXURY L \u2013 C\u1eb1m \u0111\u1eb9p 1cc<\/div>\n<div dir=\"auto\">\u2606 VIVACY LUXURY M &#8211; M\u00f4i, m\u00e1 &amp; R\u00e3nh c\u01b0\u1eddi.<\/div>\n<div dir=\"auto\">\u2606 VIVACY LUXURY S &#8211; M\u00e1 Baby, Th\u00e1i d\u01b0\u01a1ng, L\u00e0m \u0111\u1ea7y, X\u00f3a n\u1ebfp nh\u0103n t\u0129nh.<\/div>\n<div dir=\"auto\"><\/div>\n<\/div>\n<\/div>\n","protected":false},"featured_media":22024,"comment_status":"open","ping_status":"closed","template":"","meta":[],"product_cat":[51],"product_tag":[],"class_list":{"0":"post-21986","1":"product","2":"type-product","3":"status-publish","4":"has-post-thumbnail","6":"product_cat-filler","8":"first","9":"instock","10":"shipping-taxable","11":"purchasable","12":"product-type-simple"},"_links":{"self":[{"href":"https:\/\/phukienthammy.com.vn\/index.php?rest_route=\/wp\/v2\/product\/21986","targetHints":{"allow":["GET"]}}],"collection":[{"href":"https:\/\/phukienthammy.com.vn\/index.php?rest_route=\/wp\/v2\/product"}],"about":[{"href":"https:\/\/phukienthammy.com.vn\/index.php?rest_route=\/wp\/v2\/types\/product"}],"replies":[{"embeddable":true,"href":"https:\/\/phukienthammy.com.vn\/index.php?rest_route=%2Fwp%2Fv2%2Fcomments&post=21986"}],"version-history":[{"count":0,"href":"https:\/\/phukienthammy.com.vn\/index.php?rest_route=\/wp\/v2\/product\/21986\/revisions"}],"wp:featuredmedia":[{"embeddable":true,"href":"https:\/\/phukienthammy.com.vn\/index.php?rest_route=\/wp\/v2\/media\/22024"}],"wp:attachment":[{"href":"https:\/\/phukienthammy.com.vn\/index.php?rest_route=%2Fwp%2Fv2%2Fmedia&parent=21986"}],"wp:term":[{"taxonomy":"product_cat","embeddable":true,"href":"https:\/\/phukienthammy.com.vn\/index.php?rest_route=%2Fwp%2Fv2%2Fproduct_cat&post=21986"},{"taxonomy":"product_tag","embeddable":true,"href":"https:\/\/phukienthammy.com.vn\/index.php?rest_route=%2Fwp%2Fv2%2Fproduct_tag&post=21986"}],"curies":[{"name":"wp","href":"https:\/\/api.w.org\/{rel}","templated":true}]}}