{"id":21985,"date":"2024-03-20T23:32:08","date_gmt":"2024-03-20T16:32:08","guid":{"rendered":"https:\/\/phukienthammy.com.vn\/?post_type=product&#038;p=21985"},"modified":"2025-10-11T21:02:41","modified_gmt":"2025-10-11T14:02:41","slug":"filler-doris","status":"publish","type":"product","link":"https:\/\/phukienthammy.com.vn\/?product=filler-doris","title":{"rendered":"Filler Doris"},"content":{"rendered":"<p>Filler Doris<\/p>\n<p>&#x1f1f0;&#x1f1f7;Filler Doris VIP d\u1ea1ng HA cao c\u1ea5p d\u00f9ng cho Face (HA l\u00e0m \u0111\u1ea7y)<br \/>\n&#x1f1f0;&#x1f1f7;Xu\u1ea5t x\u1ee9: Made in Korea<br \/>\nDoris VIP Pharma<br \/>\n&#x1f1f0;&#x1f1f7;Th\u00e0nh ph\u1ea7n: HA ( Hyaluronic Acid)<br \/>\nQuy c\u00e1ch: 1 ml x 1 box.<br \/>\n&#x1f1f0;&#x1f1f7;T\u00ednh ch\u1ea5t, c\u1ea5u t\u1ea1o:<br \/>\nDoris l\u00e0 m\u1ed9t lo\u1ea1i gel HA li\u00ean k\u1ebft ngang v\u00f4 tr\u00f9ng, kh\u00f4ng m\u00e0u, trong su\u1ed1t v\u00e0 kh\u00f4ng m\u00f9i, \u0111\u01b0\u1ee3c x\u1eed l\u00fd t\u1eeb axit hyaluronic, \u0111\u01b0\u1ee3c cung c\u1ea5p b\u1edfi ngu\u1ed3n g\u1ed1c t\u1ef1 nhi\u00ean, SP Trong m\u1ed9t \u1ed1ng d\u00f9ng m\u1ed9t l\u1ea7n, \u0111\u00e3 \u0111\u01b0\u1ee3c kh\u1eed tr\u00f9ng.<br \/>\nC\u00f4ng ngh\u1ec7 ti\u1ebfn ti\u1ebfn c\u1ee7a ch\u00e2u \u00e2u s\u1ea3n xu\u1ea5t t\u1ea1i Korea c\u00f3 \u0111\u1ed9 tinh khi\u1ebft, \u0111\u1ed3ng nh\u1ea5t cao h\u01a1n dd\u00f3i v\u1edbi c\u00e1c s\u1ea3n ph\u1ea9m HA c\u00f9ng lo\u1ea1i.<br \/>\nHA Doris \u0111\u01b0\u1ee3c \u1ee9ng d\u1ee5ng l\u00e0m \u0111\u1ea7y, li\u00ean k\u1ebft ngang t\u1ea1o hi\u1ec7u qu\u1ea3 mong mu\u1ed1n cho v\u1ebb \u0111\u1eb9p l\u00e2u d\u00e0i,<br \/>\nTh\u1eddi gian gi\u1eef phom chuy\u1ec3n h\u00f3a colalgen an to\u00e0n h\u01a1n.<br \/>\n&#x1f6a9;Doris \u0111\u01b0\u1ee3c \u1ee9ng d\u1ee5ng hi\u1ec7u qu\u1ea3 tr\u00ean Face:<br \/>\n&#x1f6a9;Doris HARD \u2013 VIP( C\u1ee9ng)- M\u0169i, c\u1eb1m &amp; nh\u1eefng n\u1ebfp nh\u0103n s\u00e2u<br \/>\n&#x1f6a9;Doris MID \u2013 VIP (M\u1ec1m trung)- M\u00f4i, m\u00e1 Baby, r\u00e3nh c\u01b0\u1eddi, tai t\u00e0i l\u1ed9c\u2026<br \/>\nDoris SOFT \u2013 VIP ( M\u1ec1m)- M\u00f4i, m\u00e1 m\u1ec1m m\u1ecbn, th\u00e1i d\u01b0\u01a1ng, n\u1ebfp nh\u0103n n\u00f4ng.<br \/>\nT\u00ednh ch\u1ea5t l\u00e0 HA c\u00f3 t\u00ednh \u0111\u1ed3ng nh\u1ea5t v\u00e0 \u0111\u00e0n h\u1ed3i t\u1ef1 nhi\u00ean, \u0111\u1ec3 \u0111\u1ea3m b\u1ea3o s\u1eed d\u1ee5ng l\u00e2u d\u00e0i b\u1ea1n c\u1ea7n b\u1ed5 sung l\u01b0\u1ee3ng n\u01b0\u1edbc \u0111\u1ec1u \u0111\u1eb7n m\u1ed7i ng\u00e0y \u0111\u1ec3 c\u00f3 k\u1ebft qu\u1ea3 t\u1ed1t.<\/p>\n","protected":false},"excerpt":{"rendered":"<p>Filler Doris<\/p>\n<p>&#x1f1f0;&#x1f1f7;Filler Doris VIP d\u1ea1ng HA cao c\u1ea5p d\u00f9ng cho Face (HA l\u00e0m \u0111\u1ea7y)<br \/>\n&#x1f1f0;&#x1f1f7;Xu\u1ea5t x\u1ee9: Made in Korea<br \/>\nDoris VIP Pharma<br \/>\n&#x1f1f0;&#x1f1f7;Th\u00e0nh ph\u1ea7n: HA ( Hyaluronic Acid)<br \/>\nQuy c\u00e1ch: 1 ml x 1 box.<\/p>\n","protected":false},"featured_media":22019,"comment_status":"open","ping_status":"closed","template":"","meta":[],"product_cat":[51],"product_tag":[],"class_list":{"0":"post-21985","1":"product","2":"type-product","3":"status-publish","4":"has-post-thumbnail","6":"product_cat-filler","8":"first","9":"instock","10":"shipping-taxable","11":"purchasable","12":"product-type-simple"},"_links":{"self":[{"href":"https:\/\/phukienthammy.com.vn\/index.php?rest_route=\/wp\/v2\/product\/21985","targetHints":{"allow":["GET"]}}],"collection":[{"href":"https:\/\/phukienthammy.com.vn\/index.php?rest_route=\/wp\/v2\/product"}],"about":[{"href":"https:\/\/phukienthammy.com.vn\/index.php?rest_route=\/wp\/v2\/types\/product"}],"replies":[{"embeddable":true,"href":"https:\/\/phukienthammy.com.vn\/index.php?rest_route=%2Fwp%2Fv2%2Fcomments&post=21985"}],"version-history":[{"count":1,"href":"https:\/\/phukienthammy.com.vn\/index.php?rest_route=\/wp\/v2\/product\/21985\/revisions"}],"predecessor-version":[{"id":22854,"href":"https:\/\/phukienthammy.com.vn\/index.php?rest_route=\/wp\/v2\/product\/21985\/revisions\/22854"}],"wp:featuredmedia":[{"embeddable":true,"href":"https:\/\/phukienthammy.com.vn\/index.php?rest_route=\/wp\/v2\/media\/22019"}],"wp:attachment":[{"href":"https:\/\/phukienthammy.com.vn\/index.php?rest_route=%2Fwp%2Fv2%2Fmedia&parent=21985"}],"wp:term":[{"taxonomy":"product_cat","embeddable":true,"href":"https:\/\/phukienthammy.com.vn\/index.php?rest_route=%2Fwp%2Fv2%2Fproduct_cat&post=21985"},{"taxonomy":"product_tag","embeddable":true,"href":"https:\/\/phukienthammy.com.vn\/index.php?rest_route=%2Fwp%2Fv2%2Fproduct_tag&post=21985"}],"curies":[{"name":"wp","href":"https:\/\/api.w.org\/{rel}","templated":true}]}}