{"id":21984,"date":"2024-03-20T23:32:08","date_gmt":"2024-03-20T16:32:08","guid":{"rendered":"https:\/\/phukienthammy.com.vn\/?post_type=product&#038;p=21984"},"modified":"2024-03-20T23:32:14","modified_gmt":"2024-03-20T16:32:14","slug":"filler-revolline","status":"publish","type":"product","link":"https:\/\/phukienthammy.com.vn\/?product=filler-revolline","title":{"rendered":"Filler Revolline"},"content":{"rendered":"<div class=\"x11i5rnm xat24cr x1mh8g0r x1vvkbs xtlvy1s x126k92a\">\n<div dir=\"auto\">Filler Revolline \u0111\u01b0\u1ee3c chia th\u00e0nh 3 d\u00f2ng ph\u00f9 h\u1ee3p<\/div>\n<\/div>\n<div class=\"x11i5rnm xat24cr x1mh8g0r x1vvkbs xtlvy1s x126k92a\">\n<div dir=\"auto\">\u2022 M\u1ec1m: #Hara_L: L\u00e0m form m\u00f4i c\u0103ng m\u1ecdng sexy<\/div>\n<\/div>\n<div class=\"x11i5rnm xat24cr x1mh8g0r x1vvkbs xtlvy1s x126k92a\">\n<div dir=\"auto\">\u2022 Trung: #L : T\u1ea1o \u0111\u01b0\u1eddng vi\u1ec1n cho khu\u00f4n m\u1eb7t s\u1eafc h\u01a1n, tr\u1ebb trung ,t\u01b0\u01a1i tr\u1ebb ( tr\u00e1n, m\u00e1 \u2026 )<\/div>\n<\/div>\n<div class=\"x11i5rnm xat24cr x1mh8g0r x1vvkbs xtlvy1s x126k92a\">\n<div dir=\"auto\">\u2022 C\u1ee9ng: #Contour_L: T\u1ea1o c\u1eb1m vline, s\u1ed1ng m\u0169i Sline chu\u1ea9n H\u00e0n.<\/div>\n<\/div>\n<div class=\"x11i5rnm xat24cr x1mh8g0r x1vvkbs xtlvy1s x126k92a\">\n<div dir=\"auto\">REVOLLINE FILLER m\u1edbi an to\u00e0n, l\u1ea1i \u0111\u01b0\u1ee3c c\u00e1c, ngh\u1ec7 s\u0129 HQ \u0111ua nhau qu\u1ea3ng c\u00e1o.<\/div>\n<\/div>\n<div class=\"x11i5rnm xat24cr x1mh8g0r x1vvkbs xtlvy1s x126k92a\">\n<div dir=\"auto\"><span class=\"x3nfvp2 x1j61x8r x1fcty0u xdj266r xhhsvwb xat24cr xgzva0m xxymvpz xlup9mm x1kky2od\"><img decoding=\"async\" class=\"entered lazyloaded\" src=\"https:\/\/static.xx.fbcdn.net\/images\/emoji.php\/v9\/tdf\/2\/16\/1f4a5.png\" alt=\"?\" width=\"16\" height=\"16\" data-lazy-src=\"https:\/\/static.xx.fbcdn.net\/images\/emoji.php\/v9\/tdf\/2\/16\/1f4a5.png\" data-ll-status=\"loaded\" \/><\/span>Filler Revolline l\u00e0 d\u00f2ng Filler r\u1ea5t n\u1ed5i ti\u1ebfng &amp; \u0111\u01b0\u1ee3c \u01b0a chu\u1ed9ng t\u1ea1i H\u00e0n Qu\u1ed1c \u0111\u01b0\u1ee3c s\u1ea3n xu\u1ea5t b\u1edfi t\u1eadp \u0111o\u00e0n \u201cHuons\u201d.<\/div>\n<\/div>\n<div class=\"x11i5rnm xat24cr x1mh8g0r x1vvkbs xtlvy1s x126k92a\">\n<div dir=\"auto\"><span class=\"x3nfvp2 x1j61x8r x1fcty0u xdj266r xhhsvwb xat24cr xgzva0m xxymvpz xlup9mm x1kky2od\"><img decoding=\"async\" class=\"entered lazyloaded\" src=\"https:\/\/static.xx.fbcdn.net\/images\/emoji.php\/v9\/tdf\/2\/16\/1f4a5.png\" alt=\"?\" width=\"16\" height=\"16\" data-lazy-src=\"https:\/\/static.xx.fbcdn.net\/images\/emoji.php\/v9\/tdf\/2\/16\/1f4a5.png\" data-ll-status=\"loaded\" \/><\/span>\u201cHuons \u201cl\u00e0 t\u1eadp \u0111o\u00e0n \u0111\u00e3 s\u00e3n xu\u1ea5t ra hutox, liztox v\u00e0 c\u00e1c thi\u1ebft b\u1ecb chuy\u00ean v\u1ec1 th\u1ea9m m\u1ef9 \u1edf H\u00e0n Qu\u1ed1c.<\/div>\n<\/div>\n<div class=\"x11i5rnm xat24cr x1mh8g0r x1vvkbs xtlvy1s x126k92a\">\n<div dir=\"auto\">\u01afu \u0111i\u1ec3m c\u1ee7a Filler Revolline:<\/div>\n<\/div>\n<div class=\"x11i5rnm xat24cr x1mh8g0r x1vvkbs xtlvy1s x126k92a\">\n<div dir=\"auto\"><span class=\"x3nfvp2 x1j61x8r x1fcty0u xdj266r xhhsvwb xat24cr xgzva0m xxymvpz xlup9mm x1kky2od\"><img decoding=\"async\" class=\"entered lazyloaded\" src=\"https:\/\/static.xx.fbcdn.net\/images\/emoji.php\/v9\/td2\/2\/16\/2714.png\" alt=\"&#x2714;\" width=\"16\" height=\"16\" data-lazy-src=\"https:\/\/static.xx.fbcdn.net\/images\/emoji.php\/v9\/td2\/2\/16\/2714.png\" data-ll-status=\"loaded\" \/><\/span>\u00a0Filler Revolline l\u00e0 Filler HA, n\u00ean an to\u00e0n khi ti\u00eam, v\u00e0 gi\u1eef form \u0111\u01b0\u1ee3c l\u00e2u<\/div>\n<\/div>\n<div class=\"x11i5rnm xat24cr x1mh8g0r x1vvkbs xtlvy1s x126k92a\">\n<div dir=\"auto\"><span class=\"x3nfvp2 x1j61x8r x1fcty0u xdj266r xhhsvwb xat24cr xgzva0m xxymvpz xlup9mm x1kky2od\"><img decoding=\"async\" class=\"entered lazyloaded\" src=\"https:\/\/static.xx.fbcdn.net\/images\/emoji.php\/v9\/td2\/2\/16\/2714.png\" alt=\"&#x2714;\" width=\"16\" height=\"16\" data-lazy-src=\"https:\/\/static.xx.fbcdn.net\/images\/emoji.php\/v9\/td2\/2\/16\/2714.png\" data-ll-status=\"loaded\" \/><\/span>\u00a0C\u00e1c ph\u00e2n t\u1eed \u0111\u1ed3ng nh\u1ea5t, lo\u1ea1i b\u1ecf ho\u00e0n to\u00e0n c\u00e1c ch\u1ea5t g\u00e2y ra mi\u1ec5n d\u1ecbch, vi\u00eam\u2800 \u2800<\/div>\n<\/div>\n<div class=\"x11i5rnm xat24cr x1mh8g0r x1vvkbs xtlvy1s x126k92a\">\n<div dir=\"auto\"><span class=\"x3nfvp2 x1j61x8r x1fcty0u xdj266r xhhsvwb xat24cr xgzva0m xxymvpz xlup9mm x1kky2od\"><img decoding=\"async\" class=\"entered lazyloaded\" src=\"https:\/\/static.xx.fbcdn.net\/images\/emoji.php\/v9\/td2\/2\/16\/2714.png\" alt=\"&#x2714;\" width=\"16\" height=\"16\" data-lazy-src=\"https:\/\/static.xx.fbcdn.net\/images\/emoji.php\/v9\/td2\/2\/16\/2714.png\" data-ll-status=\"loaded\" \/><\/span>\u00a0Filler Revolline l\u00e0 Filler m\u1edbi thu\u1ed9c th\u1ebf h\u1ec7 m\u1edbi, \u0111\u01b0\u1ee3c ph\u00e1t tri\u1ec3n th\u00f4ng qua ph\u01b0\u01a1ng ph\u00e1p c\u00f4ng ngh\u1ec7 NIA \u1edf \u2018huons\u2019<\/div>\n<\/div>\n<div class=\"x11i5rnm xat24cr x1mh8g0r x1vvkbs xtlvy1s x126k92a\">\n<div dir=\"auto\"><span class=\"x3nfvp2 x1j61x8r x1fcty0u xdj266r xhhsvwb xat24cr xgzva0m xxymvpz xlup9mm x1kky2od\"><img decoding=\"async\" class=\"entered lazyloaded\" src=\"https:\/\/static.xx.fbcdn.net\/images\/emoji.php\/v9\/td2\/2\/16\/2714.png\" alt=\"&#x2714;\" width=\"16\" height=\"16\" data-lazy-src=\"https:\/\/static.xx.fbcdn.net\/images\/emoji.php\/v9\/td2\/2\/16\/2714.png\" data-ll-status=\"loaded\" \/><\/span>\u00a0G\u1ed3m gel \u0111\u1ed3ng nh\u1ea5t v\u1edbi s\u1ef1 ph\u00e2n b\u1ed1 ph\u00e2n t\u1eed nh\u1ea5t \u0111\u1ecbnh, n\u00ean k\u1ebft qu\u1ea3 ti\u00eam t\u1ef1 nhi\u00ean<\/div>\n<div dir=\"auto\"><\/div>\n<\/div>\n","protected":false},"excerpt":{"rendered":"<div class=\"x11i5rnm xat24cr x1mh8g0r x1vvkbs xtlvy1s x126k92a\">\n<div dir=\"auto\">Filler Revolline \u0111\u01b0\u1ee3c chia th\u00e0nh 3 d\u00f2ng ph\u00f9 h\u1ee3p<\/div>\n<\/div>\n<div class=\"x11i5rnm xat24cr x1mh8g0r x1vvkbs xtlvy1s x126k92a\">\n<div dir=\"auto\">\u2022 M\u1ec1m: #Hara_L: L\u00e0m form m\u00f4i c\u0103ng m\u1ecdng sexy<\/div>\n<\/div>\n<div class=\"x11i5rnm xat24cr x1mh8g0r x1vvkbs xtlvy1s x126k92a\">\n<div dir=\"auto\">\u2022 Trung: #L : T\u1ea1o \u0111\u01b0\u1eddng vi\u1ec1n cho khu\u00f4n m\u1eb7t s\u1eafc h\u01a1n, tr\u1ebb trung ,t\u01b0\u01a1i tr\u1ebb ( tr\u00e1n, m\u00e1 \u2026 )<\/div>\n<\/div>\n<div class=\"x11i5rnm xat24cr x1mh8g0r x1vvkbs xtlvy1s x126k92a\">\n<div dir=\"auto\">\u2022 C\u1ee9ng: #Contour_L: T\u1ea1o c\u1eb1m vline, s\u1ed1ng m\u0169i Sline chu\u1ea9n H\u00e0n.<\/div>\n<\/div>\n<div class=\"x11i5rnm xat24cr x1mh8g0r x1vvkbs xtlvy1s x126k92a\">\n<div dir=\"auto\">REVOLLINE FILLER m\u1edbi an to\u00e0n, l\u1ea1i \u0111\u01b0\u1ee3c c\u00e1c, ngh\u1ec7 s\u0129 HQ \u0111ua nhau qu\u1ea3ng c\u00e1o.<\/div>\n<\/div>\n<div class=\"x11i5rnm xat24cr x1mh8g0r x1vvkbs xtlvy1s x126k92a\">\n<div dir=\"auto\"><span class=\"x3nfvp2 x1j61x8r x1fcty0u xdj266r xhhsvwb xat24cr xgzva0m xxymvpz xlup9mm x1kky2od\"><img decoding=\"async\" class=\"entered lazyloaded\" src=\"https:\/\/static.xx.fbcdn.net\/images\/emoji.php\/v9\/tdf\/2\/16\/1f4a5.png\" alt=\"?\" width=\"16\" height=\"16\" data-lazy-src=\"https:\/\/static.xx.fbcdn.net\/images\/emoji.php\/v9\/tdf\/2\/16\/1f4a5.png\" data-ll-status=\"loaded\" \/><\/span>Filler Revolline l\u00e0 d\u00f2ng Filler r\u1ea5t n\u1ed5i ti\u1ebfng &amp; \u0111\u01b0\u1ee3c \u01b0a chu\u1ed9ng t\u1ea1i H\u00e0n Qu\u1ed1c \u0111\u01b0\u1ee3c s\u1ea3n xu\u1ea5t b\u1edfi t\u1eadp \u0111o\u00e0n \u201cHuons\u201d.<\/div>\n<\/div>\n<div class=\"x11i5rnm xat24cr x1mh8g0r x1vvkbs xtlvy1s x126k92a\">\n<div dir=\"auto\"><span class=\"x3nfvp2 x1j61x8r x1fcty0u xdj266r xhhsvwb xat24cr xgzva0m xxymvpz xlup9mm x1kky2od\"><img decoding=\"async\" class=\"entered lazyloaded\" src=\"https:\/\/static.xx.fbcdn.net\/images\/emoji.php\/v9\/tdf\/2\/16\/1f4a5.png\" alt=\"?\" width=\"16\" height=\"16\" data-lazy-src=\"https:\/\/static.xx.fbcdn.net\/images\/emoji.php\/v9\/tdf\/2\/16\/1f4a5.png\" data-ll-status=\"loaded\" \/><\/span>\u201cHuons \u201cl\u00e0 t\u1eadp \u0111o\u00e0n \u0111\u00e3 s\u00e3n xu\u1ea5t ra hutox, liztox v\u00e0 c\u00e1c thi\u1ebft b\u1ecb chuy\u00ean v\u1ec1 th\u1ea9m m\u1ef9 \u1edf H\u00e0n Qu\u1ed1c.<\/div>\n<\/div>\n<div class=\"x11i5rnm xat24cr x1mh8g0r x1vvkbs xtlvy1s x126k92a\">\n<div dir=\"auto\">\u01afu \u0111i\u1ec3m c\u1ee7a Filler Revolline:<\/div>\n<\/div>\n<div class=\"x11i5rnm xat24cr x1mh8g0r x1vvkbs xtlvy1s x126k92a\">\n<div dir=\"auto\"><span class=\"x3nfvp2 x1j61x8r x1fcty0u xdj266r xhhsvwb xat24cr xgzva0m xxymvpz xlup9mm x1kky2od\"><img decoding=\"async\" class=\"entered lazyloaded\" src=\"https:\/\/static.xx.fbcdn.net\/images\/emoji.php\/v9\/td2\/2\/16\/2714.png\" alt=\"&#x2714;\" width=\"16\" height=\"16\" data-lazy-src=\"https:\/\/static.xx.fbcdn.net\/images\/emoji.php\/v9\/td2\/2\/16\/2714.png\" data-ll-status=\"loaded\" \/><\/span>\u00a0Filler Revolline l\u00e0 Filler HA, n\u00ean an to\u00e0n khi ti\u00eam, v\u00e0 gi\u1eef form \u0111\u01b0\u1ee3c l\u00e2u<\/div>\n<\/div>\n<div class=\"x11i5rnm xat24cr x1mh8g0r x1vvkbs xtlvy1s x126k92a\">\n<div dir=\"auto\"><span class=\"x3nfvp2 x1j61x8r x1fcty0u xdj266r xhhsvwb xat24cr xgzva0m xxymvpz xlup9mm x1kky2od\"><img decoding=\"async\" class=\"entered lazyloaded\" src=\"https:\/\/static.xx.fbcdn.net\/images\/emoji.php\/v9\/td2\/2\/16\/2714.png\" alt=\"&#x2714;\" width=\"16\" height=\"16\" data-lazy-src=\"https:\/\/static.xx.fbcdn.net\/images\/emoji.php\/v9\/td2\/2\/16\/2714.png\" data-ll-status=\"loaded\" \/><\/span>\u00a0C\u00e1c ph\u00e2n t\u1eed \u0111\u1ed3ng nh\u1ea5t, lo\u1ea1i b\u1ecf ho\u00e0n to\u00e0n c\u00e1c ch\u1ea5t g\u00e2y ra mi\u1ec5n d\u1ecbch, vi\u00eam\u2800 \u2800<\/div>\n<\/div>\n<div class=\"x11i5rnm xat24cr x1mh8g0r x1vvkbs xtlvy1s x126k92a\">\n<div dir=\"auto\"><span class=\"x3nfvp2 x1j61x8r x1fcty0u xdj266r xhhsvwb xat24cr xgzva0m xxymvpz xlup9mm x1kky2od\"><img decoding=\"async\" class=\"entered lazyloaded\" src=\"https:\/\/static.xx.fbcdn.net\/images\/emoji.php\/v9\/td2\/2\/16\/2714.png\" alt=\"&#x2714;\" width=\"16\" height=\"16\" data-lazy-src=\"https:\/\/static.xx.fbcdn.net\/images\/emoji.php\/v9\/td2\/2\/16\/2714.png\" data-ll-status=\"loaded\" \/><\/span>\u00a0Filler Revolline l\u00e0 Filler m\u1edbi thu\u1ed9c th\u1ebf h\u1ec7 m\u1edbi, \u0111\u01b0\u1ee3c ph\u00e1t tri\u1ec3n th\u00f4ng qua ph\u01b0\u01a1ng ph\u00e1p c\u00f4ng ngh\u1ec7 NIA \u1edf \u2018huons\u2019<\/div>\n<\/div>\n<div class=\"x11i5rnm xat24cr x1mh8g0r x1vvkbs xtlvy1s x126k92a\">\n<div dir=\"auto\"><span class=\"x3nfvp2 x1j61x8r x1fcty0u xdj266r xhhsvwb xat24cr xgzva0m xxymvpz xlup9mm x1kky2od\"><img decoding=\"async\" class=\"entered lazyloaded\" src=\"https:\/\/static.xx.fbcdn.net\/images\/emoji.php\/v9\/td2\/2\/16\/2714.png\" alt=\"&#x2714;\" width=\"16\" height=\"16\" data-lazy-src=\"https:\/\/static.xx.fbcdn.net\/images\/emoji.php\/v9\/td2\/2\/16\/2714.png\" data-ll-status=\"loaded\" \/><\/span>\u00a0G\u1ed3m gel \u0111\u1ed3ng nh\u1ea5t v\u1edbi s\u1ef1 ph\u00e2n b\u1ed1 ph\u00e2n t\u1eed nh\u1ea5t \u0111\u1ecbnh, n\u00ean k\u1ebft qu\u1ea3 ti\u00eam t\u1ef1 nhi\u00ean<\/div>\n<div dir=\"auto\"><\/div>\n<\/div>\n","protected":false},"featured_media":22014,"comment_status":"open","ping_status":"closed","template":"","meta":[],"product_cat":[51],"product_tag":[],"class_list":{"0":"post-21984","1":"product","2":"type-product","3":"status-publish","4":"has-post-thumbnail","6":"product_cat-filler","8":"first","9":"instock","10":"shipping-taxable","11":"purchasable","12":"product-type-simple"},"_links":{"self":[{"href":"https:\/\/phukienthammy.com.vn\/index.php?rest_route=\/wp\/v2\/product\/21984","targetHints":{"allow":["GET"]}}],"collection":[{"href":"https:\/\/phukienthammy.com.vn\/index.php?rest_route=\/wp\/v2\/product"}],"about":[{"href":"https:\/\/phukienthammy.com.vn\/index.php?rest_route=\/wp\/v2\/types\/product"}],"replies":[{"embeddable":true,"href":"https:\/\/phukienthammy.com.vn\/index.php?rest_route=%2Fwp%2Fv2%2Fcomments&post=21984"}],"version-history":[{"count":0,"href":"https:\/\/phukienthammy.com.vn\/index.php?rest_route=\/wp\/v2\/product\/21984\/revisions"}],"wp:featuredmedia":[{"embeddable":true,"href":"https:\/\/phukienthammy.com.vn\/index.php?rest_route=\/wp\/v2\/media\/22014"}],"wp:attachment":[{"href":"https:\/\/phukienthammy.com.vn\/index.php?rest_route=%2Fwp%2Fv2%2Fmedia&parent=21984"}],"wp:term":[{"taxonomy":"product_cat","embeddable":true,"href":"https:\/\/phukienthammy.com.vn\/index.php?rest_route=%2Fwp%2Fv2%2Fproduct_cat&post=21984"},{"taxonomy":"product_tag","embeddable":true,"href":"https:\/\/phukienthammy.com.vn\/index.php?rest_route=%2Fwp%2Fv2%2Fproduct_tag&post=21984"}],"curies":[{"name":"wp","href":"https:\/\/api.w.org\/{rel}","templated":true}]}}