{"id":3,"date":"2021-03-19T06:48:48","date_gmt":"2021-03-19T06:48:48","guid":{"rendered":"http:\/\/phukienthammy.com.vn\/?page_id=3"},"modified":"2024-03-22T14:58:13","modified_gmt":"2024-03-22T07:58:13","slug":"privacy-policy","status":"publish","type":"page","link":"https:\/\/phukienthammy.com.vn\/?page_id=3","title":{"rendered":"Ch\u00ednh S\u00e1ch B\u1ea3o M\u1eadt"},"content":{"rendered":"\n<p> https:\/\/phukienthammy.com.vn\/ hi\u1ec3u r\u1eb1ng Qu\u00fd kh\u00e1ch quan t\u00e2m \u0111\u1ebfn vi\u1ec7c nh\u1eefng th\u00f4ng tin c\u1ee7a Qu\u00fd kh\u00e1ch s\u1ebd \u0111\u01b0\u1ee3c s\u1eed d\u1ee5ng v\u00e0 chia s\u1ebb nh\u01b0 th\u1ebf n\u00e0o. Ch\u00fang t\u00f4i r\u1ea5t coi tr\u1ecdng s\u1ef1 tin t\u01b0\u1edfng c\u1ee7a Qu\u00fd kh\u00e1ch, v\u00ec v\u1eady ch\u00fang t\u00f4i s\u1ebd s\u1eed d\u1ee5ng nh\u1eefng th\u00f4ng tin m\u00e0 Qu\u00fd kh\u00e1ch cung c\u1ea5p m\u1ed9t c\u00e1ch c\u1ea9n th\u1eadn v\u00e0 h\u1ee3p l\u00fd.<\/p>\n\n\n\n<p>\u2013 D\u01b0\u1edbi \u0111\u00e2y l\u00e0 ch\u00ednh s\u00e1ch b\u1ea3o m\u1eadt th\u00f4ng tin c\u1ee7a https:\/\/phukienthammy.com.vn\/ .V\u1edbi vi\u1ec7c truy c\u1eadp v\u00e0o website v\u00e0 c\u00e1c c\u00e1c s\u1ea3n ph\u1ea9m li\u00ean quan c\u1ee7a https:\/\/phukienthammy.com.vn\/ , Qu\u00fd kh\u00e1ch \u0111\u00e3 \u0111\u1ed3ng \u00fd v\u1edbi m\u1ecdi \u0111i\u1ec3m trong ch\u00ednh s\u00e1ch b\u1ea3o m\u1eadt n\u00e0y.<\/p>\n\n\n\n<h4 class=\"wp-block-heading\"><strong>1. M\u1ee5c \u0111\u00edch v\u00e0 ph\u1ea1m vi thu th\u1eadp th\u00f4ng tin<\/strong><\/h4>\n\n\n\n<p>Th\u00f4ng tin m\u00e0 ch\u00fang t\u00f4i thu th\u1eadp \u0111\u01b0\u1ee3c t\u1eeb kh\u00e1ch h\u00e0ng gi\u00fap ch\u00fang t\u00f4i c\u00f3 th\u1ec3 c\u1ea3i thi\u1ec7n tr\u1ea3i nghi\u1ec7m c\u1ee7a Qu\u00fd kh\u00e1ch tr\u00ean\u00a0https:\/\/phukienthammy.com.vn\/ . D\u01b0\u1edbi \u0111\u00e2y l\u00e0 nh\u1eefng lo\u1ea1i th\u00f4ng tin m\u00e0 ch\u00fang t\u00f4i thu th\u1eadp:<\/p>\n\n\n\n<ul class=\"wp-block-list\">\n<li>Th\u00f4ng tin do Qu\u00fd kh\u00e1ch cung c\u1ea5p: Khi Qu\u00fd kh\u00e1ch th\u1ef1c hi\u1ec7n giao d\u1ecbch ho\u1eb7c \u0111\u0103ng k\u00fd\/ \u0111\u0103ng nh\u1eadp t\u1ea1i\u00a0https:\/\/phukienthammy.com.vn\/\u00a0, t\u00f9y t\u1eebng th\u1eddi \u0111i\u1ec3m, Qu\u00fd kh\u00e1ch ph\u1ea3i cung c\u1ea5p m\u1ed9t s\u1ed1 th\u00f4ng tin c\u1ea7n thi\u1ebft nh\u1eb1m gi\u00fap ch\u00fang t\u00f4i x\u00e1c \u0111\u1ecbnh ph\u1ea7n thanh to\u00e1n v\u00e0 giao h\u00e0ng ch\u00ednh x\u00e1c cho ng\u01b0\u1eddi nh\u1eadn. Ch\u00fang t\u00f4i thu th\u1eadp t\u1ea5t c\u1ea3 nh\u1eefng th\u00f4ng tin m\u00e0 Qu\u00fd kh\u00e1ch \u0111\u0103ng t\u1ea3i ho\u1eb7c c\u00e1c thao t\u00e1c m\u00e0 Qu\u00fd kh\u00e1ch th\u1ef1c hi\u1ec7n tr\u00ean website\u00a0https:\/\/phukienthammy.com.vn\/ . Qu\u00fd kh\u00e1ch c\u00f3 th\u1ec3 l\u1ef1a ch\u1ecdn kh\u00f4ng cung c\u1ea5p cho ch\u00fang t\u00f4i m\u1ed9t s\u1ed1 th\u00f4ng tin nh\u1ea5t \u0111\u1ecbnh.<\/li>\n\n\n\n<li>Th\u00f4ng tin t\u1ef1 \u0111\u1ed9ng: Ch\u00fang t\u00f4i ghi nh\u1eadn v\u00e0 l\u01b0u tr\u1eef m\u1ed9t s\u1ed1 lo\u1ea1i th\u00f4ng tin trong t\u1ea5t c\u1ea3 nh\u1eefng l\u1ea7n Qu\u00fd kh\u00e1ch t\u01b0\u01a1ng t\u00e1c v\u1edbi\u00a0https:\/\/phukienthammy.com.vn\/\u00a0. V\u00ed d\u1ee5, ch\u00fang t\u00f4i s\u1eed d\u1ee5ng \u201ccookies\u201d gi\u1ed1ng nh\u01b0 nhi\u1ec1u website kh\u00e1c \u0111\u1ec3 ghi nh\u1eadn m\u1ed9t s\u1ed1 lo\u1ea1i th\u00f4ng tin khi tr\u00ecnh duy\u1ec7t web c\u1ee7a Qu\u00fd kh\u00e1ch truy c\u1eadp v\u00e0o\u00a0https:\/\/phukienthammy.com.vn\/\u00a0ho\u1eb7c c\u00e1c qu\u1ea3ng c\u00e1o v\u00e0 c\u00e1c n\u1ed9i dung kh\u00e1c \u0111\u01b0\u1ee3c hi\u1ec3n th\u1ecb tr\u00ean\u00a0https:\/\/phukienthammy.com.vn\/\u00a0\u00a0ho\u1eb7c v\u1ec1\u00a0https:\/\/phukienthammy.com.vn\/\u00a0tr\u00ean c\u00e1c website kh\u00e1c.<\/li>\n\n\n\n<li>Thi\u1ebft b\u1ecb di \u0111\u1ed9ng: Khi Qu\u00fd kh\u00e1ch t\u1ea3i v\u00e0 s\u1eed d\u1ee5ng c\u00e1c \u1ee9ng d\u1ee5ng cung c\u1ea5p b\u1edfi\u00a0https:\/\/phukienthammy.com.vn\/\u00a0, ch\u00fang t\u00f4i c\u00f3 th\u1ec3 cung c\u1ea5p cho Qu\u00fd kh\u00e1ch c\u00e1c d\u1ecbch v\u1ee5 ti\u1ec7n \u00edch d\u1ef1a v\u00e0o \u0111\u1ecba \u0111i\u1ec3m c\u1ee7a Qu\u00fd kh\u00e1ch nh\u01b0 qu\u1ea3ng c\u00e1o, \u0111\u1ec1 xu\u1ea5t c\u00e1c \u0111\u1ecba \u0111i\u1ec3m t\u1ed5 ch\u1ee9c s\u1ef1 ki\u1ec7n ho\u1eb7c ch\u01b0\u01a1ng tr\u00ecnh xung quanh. N\u1ebfu nh\u01b0 Qu\u00fd kh\u00e1ch c\u1ea3m th\u1ea5y phi\u1ec1n v\u00e0 kh\u00f4ng mu\u1ed1n ti\u1ebfp t\u1ee5c s\u1eed d\u1ee5ng c\u00e1c d\u1ecbch v\u1ee5 n\u00e0y th\u00ec ho\u00e0n to\u00e0n c\u00f3 th\u1ec3 t\u1eaft \u0111i.<\/li>\n\n\n\n<li>E-mail: \u0110\u1ec3 gi\u00fap ch\u00fang t\u00f4i s\u1eed d\u1ee5ng email hi\u1ec7u qu\u1ea3 h\u01a1n, ch\u00fang t\u00f4i th\u01b0\u1eddng nh\u1eadn \u0111\u01b0\u1ee3c x\u00e1c nh\u1eadn khi Qu\u00fd kh\u00e1ch m\u1edf email t\u1eeb\u00a0https:\/\/phukienthammy.com.vn\/\u00a0n\u1ebfu m\u00e1y t\u00ednh c\u1ee7a Qu\u00fd kh\u00e1ch h\u1ed7 tr\u1ee3 t\u00ednh n\u0103ng n\u00e0y.<\/li>\n\n\n\n<li>Th\u00f4ng tin t\u1eeb c\u00e1c ngu\u1ed3n kh\u00e1c: Ch\u00fang t\u00f4i c\u00f3 th\u1ec3 ghi nh\u1eadn c\u00e1c th\u00f4ng tin v\u1ec1 Qu\u00fd kh\u00e1ch t\u1eeb nhi\u1ec1u ngu\u1ed3n kh\u00e1c v\u00e0 b\u1ed5 sung ch\u00fang v\u00e0o th\u00f4ng tin t\u00e0i kho\u1ea3n c\u1ee7a ch\u00fang t\u00f4i.<\/li>\n<\/ul>\n\n\n\n<h4 class=\"wp-block-heading\"><strong>2. Ph\u1ea1m vi s\u1eed d\u1ee5ng th\u00f4ng tin<\/strong><\/h4>\n\n\n\n<p>Th\u00f4ng tin v\u1ec1 kh\u00e1ch h\u00e0ng l\u00e0 m\u1ed9t ph\u1ea7n d\u1eef li\u1ec7u quan tr\u1ecdng \u0111\u1ec3\u00a0https:\/\/phukienthammy.com.vn\/\u00a0c\u00f3 th\u1ec3 khai th\u00e1c v\u00e0 c\u1ea3i thi\u1ec7n tr\u1ea3i nghi\u1ec7m c\u1ee7a kh\u00e1ch h\u00e0ng. Ho\u1ea1t \u0111\u1ed9ng kinh doanh c\u1ee7a\u00a0https:\/\/phukienthammy.com.vn\/\u00a0kh\u00f4ng bao g\u1ed3m vi\u1ec7c b\u00e1n c\u00e1c th\u00f4ng tin \u0111\u00f3 cho b\u00ean th\u1ee9 ba. Ch\u00fang t\u00f4i ch\u1ec9 cung c\u1ea5p th\u00f4ng tin kh\u00e1ch h\u00e0ng cho c\u00e1c b\u00ean \u0111\u01b0\u1ee3c li\u1ec7t k\u00ea d\u01b0\u1edbi \u0111\u00e2y ho\u1eb7c cho b\u00ean th\u1ee9 ba nh\u1eb1m \u0111\u1ea3m b\u1ea3o quy\u1ec1n l\u1ee3i c\u1ee7a kh\u00e1ch h\u00e0ng theo nh\u1eefng cam k\u1ebft b\u1ea3o m\u1eadt c\u1ee7a\u00a0https:\/\/phukienthammy.com.vn\/\u00a0.<\/p>\n\n\n\n<ul class=\"wp-block-list\">\n<li>C\u00e1c \u0111\u1ed1i t\u00e1c li\u00ean k\u1ebft m\u00e0\u00a0https:\/\/phukienthammy.com.vn\/\u00a0kh\u00f4ng ki\u1ec3m so\u00e1t: Ch\u00fang t\u00f4i li\u00ean k\u1ebft ch\u1eb7t ch\u1ebd v\u1edbi r\u1ea5t nhi\u1ec1u \u0111\u1ed1i t\u00e1c. M\u1ed9t trong nh\u1eefng \u0111\u1ed1i t\u00e1c m\u00e0 Qu\u00fd kh\u00e1ch c\u00f3 th\u1ec3 th\u1ea5y l\u00e0 c\u00e1c \u0111\u01a1n v\u1ecb v\u1eadn chuy\u1ec3n. N\u00f3i c\u00e1ch kh\u00e1c, khi m\u1ed9t b\u00ean th\u1ee9 ba li\u00ean quan v\u1edbi c\u00e1c giao d\u1ecbch c\u1ee7a Qu\u00fd kh\u00e1ch, ch\u00fang t\u00f4i s\u1ebd chia s\u1ebb nh\u1eefng th\u00f4ng tin kh\u00e1ch h\u00e0ng li\u00ean quan \u0111\u1ebfn giao d\u1ecbch \u0111\u00f3 cho b\u00ean th\u1ee9 ba t\u01b0\u01a1ng \u1ee9ng.<\/li>\n\n\n\n<li>Nh\u00e0 cung c\u1ea5p d\u1ecbch v\u1ee5 \u0111\u1ed9c l\u1eadp: Ch\u00fang t\u00f4i s\u1eed d\u1ee5ng nh\u1eefng t\u1ed5 ch\u1ee9c v\u00e0 c\u00e1 nh\u00e2n kh\u00e1c \u0111\u1ec3 thay m\u1eb7t\u00a0https:\/\/phukienthammy.com.vn\/\u00a0th\u1ef1c hi\u1ec7n m\u1ed9t s\u1ed1 ch\u1ee9c n\u0103ng nh\u01b0 cung c\u1ea5p d\u1ecbch v\u1ee5 thanh to\u00e1n qua th\u1ebb\u2026 H\u1ecd c\u00f3 th\u1ec3 ti\u1ebfp c\u1eadn nh\u1eefng th\u00f4ng tin c\u00e1 nh\u00e2n c\u1ea7n thi\u1ebft \u0111\u1ec3 ho\u00e0n th\u00e0nh c\u00f4ng vi\u1ec7c c\u1ee7a h\u1ecd, nh\u01b0ng kh\u00f4ng \u0111\u01b0\u1ee3c quy\u1ec1n s\u1eed d\u1ee5ng c\u00e1c th\u00f4ng tin c\u00e1 nh\u00e2n \u0111\u00f3 \u0111\u1ec3 ph\u1ee5c v\u1ee5 cho m\u1ee5c \u0111\u00edch kh\u00e1c.<\/li>\n\n\n\n<li>Th\u00f4ng tin qu\u1ea3ng c\u00e1o, khuy\u1ebfn m\u00e3i: T\u00f9y theo ch\u01b0\u01a1ng tr\u00ecnh h\u1ee3p t\u00e1c v\u1edbi c\u00e1c \u0111\u1ed1i t\u00e1c,\u00a0https:\/\/phukienthammy.com.vn\/\u00a0c\u00f3 th\u1ec3 thay m\u1eb7t c\u00e1c \u0111\u1ed1i t\u00e1c li\u00ean k\u1ebft g\u1eedi c\u00e1c th\u00f4ng tin qu\u1ea3ng c\u00e1o, khuy\u1ebfn m\u00e3i \u0111\u1ebfn m\u1ed9t s\u1ed1 nh\u00f3m kh\u00e1ch h\u00e0ng \u0111\u1eb7c bi\u1ec7t. Tuy nhi\u00ean, ch\u00fang t\u00f4i kh\u00f4ng cung c\u1ea5p t\u00ean v\u00e0 \u0111\u1ecba ch\u1ec9 c\u1ee7a Qu\u00fd kh\u00e1ch cho \u0111\u1ed1i t\u00e1c. N\u1ebfu Qu\u00fd kh\u00e1ch kh\u00f4ng mu\u1ed1n nh\u1eadn c\u00e1c th\u00f4ng tin n\u00e0y, Qu\u00fd kh\u00e1ch vui l\u00f2ng ch\u1ecdn Unsubscribe \u1edf cu\u1ed1i email m\u00e0 Qu\u00fd kh\u00e1ch nh\u1eadn \u0111\u01b0\u1ee3c.<\/li>\n\n\n\n<li>B\u1ea3o v\u1ec7\u00a0https:\/\/phukienthammy.com.vn\/\u00a0v\u00e0 c\u00e1c \u0111\u1ed1i t\u00e1c kh\u00e1c: Ch\u00fang t\u00f4i s\u1ebd cung c\u1ea5p c\u00e1c th\u00f4ng tin t\u00e0i kho\u1ea3n v\u00e0 c\u00e1c th\u00f4ng tin c\u00e1 nh\u00e2n trong tr\u01b0\u1eddng h\u1ee3p ch\u00fang t\u00f4i tin r\u1eb1ng s\u1ef1 cung c\u1ea5p th\u00f4ng tin n\u00e0y kh\u00f4ng vi ph\u1ea1m ph\u00e1p lu\u1eadt; b\u1ecb b\u1eaft bu\u1ed9c ho\u1eb7c ph\u00f9 h\u1ee3p v\u1edbi c\u00e1c Th\u1ecfa Th\u1ecfa thu\u1eadn s\u1eed d\u1ee5ng v\u00e0 c\u00e1c th\u1ecfa thu\u1eadn kh\u00e1c; ho\u1eb7c b\u1ea3o v\u1ec7 quy\u1ec1n, t\u00e0i s\u1ea3n, v\u00e0 s\u1ef1 an to\u00e0n c\u1ee7a\u00a0https:\/\/phukienthammy.com.vn\/\u00a0, c\u00e1c kh\u00e1ch h\u00e0ng kh\u00e1c v\u00e0 c\u00e1c \u0111\u1ed1i t\u01b0\u1ee3ng kh\u00e1c. S\u1ef1 cung c\u1ea5p n\u00e0y c\u00f3 th\u1ec3 bao g\u1ed3m vi\u1ec7c trao \u0111\u1ed5i th\u00f4ng tin v\u1edbi c\u00e1c c\u00f4ng ty, t\u1ed5 ch\u1ee9c nh\u1eb1m ch\u1ed1ng l\u1ea1i nh\u1eefng gian l\u1eadn v\u00e0 gi\u1ea3m thi\u1ec3u r\u1ee7i ro. Tuy nhi\u00ean, s\u1ef1 cung c\u1ea5p n\u00e0y kh\u00f4ng bao g\u1ed3m vi\u1ec7c b\u00e1n, cho thu\u00ea, chia s\u1ebb, ho\u1eb7c c\u00f4ng b\u1ed1 c\u00e1c th\u00f4ng tin c\u00e1 nh\u00e2n v\u00ec m\u1ee5c \u0111\u00edch th\u01b0\u01a1ng m\u1ea1i.<\/li>\n\n\n\n<li>V\u1edbi s\u1ef1 \u0111\u1ed3ng \u00fd c\u1ee7a Qu\u00fd kh\u00e1ch: M\u1ed9t s\u1ed1 tr\u01b0\u1eddng h\u1ee3p kh\u00e1c v\u1edbi nh\u1eefng tr\u01b0\u1eddng h\u1ee3p \u0111\u01b0\u1ee3c \u0111\u1ec1 c\u1eadp \u1edf tr\u00ean, Qu\u00fd kh\u00e1ch s\u1ebd nh\u1eadn \u0111\u01b0\u1ee3c th\u00f4ng b\u00e1o v\u1ec1 vi\u1ec7c th\u00f4ng tin c\u1ee7a Qu\u00fd kh\u00e1ch c\u00f3 th\u1ec3 \u0111\u01b0\u1ee3c chia s\u1ebb cho b\u00ean th\u1ee9 ba v\u00e0 Qu\u00fd kh\u00e1ch c\u00f3 quy\u1ec1n l\u1ef1a ch\u1ecdn cho ph\u00e9p s\u1ef1 chia s\u1ebb \u0111\u00f3 hay kh\u00f4ng.<\/li>\n<\/ul>\n\n\n\n<h4 class=\"wp-block-heading\"><strong>3. Th\u1eddi gian l\u01b0u tr\u1eef th\u00f4ng tin<\/strong><\/h4>\n\n\n\n<p>Th\u00f4ng tin \u0111\u0103ng k\u00fd c\u1ee7a Kh\u00e1ch h\u00e0ng s\u1ebd \u0111\u01b0\u1ee3c l\u01b0u tr\u1eef t\u1ea1i\u00a0https:\/\/phukienthammy.com.vn\/\u00a0trong th\u1eddi gian 24 th\u00e1ng, theo quy \u0111\u1ecbnh Ph\u00e1p lu\u1eadt Vi\u1ec7t Nam.<\/p>\n\n\n\n<h4 class=\"wp-block-heading\"><strong>4. \u0110\u1ecba ch\u1ec9 c\u1ee7a \u0111\u01a1n v\u1ecb thu th\u1eadp v\u00e0 qu\u1ea3n l\u00fd th\u00f4ng tin c\u00e1 nh\u00e2n<\/strong><\/h4>\n\n\n\n<h2 class=\"wp-block-heading\">Ph\u1ee5 Ki\u1ec7n Th\u1ea9m M\u1ef9<\/h2>\n\n\n\n<p>\u0110\u1ecba ch\u1ec9: 129 Nguy\u1ec5n Xi\u1ec3n \u2013 Thanh Xu\u00e2n \u2013 H\u00e0 N\u1ed9i<\/p>\n\n\n\n<p>S\u1ed1 \u0111i\u1ec7n tho\u1ea1i:\u00a0<a href=\"tel:0396253669\">039.625.3669<\/a><\/p>\n\n\n\n<p>Website: phukienthammy.com.vn<\/p>\n\n\n\n<h4 class=\"wp-block-heading\"><strong>5. Ph\u01b0\u01a1ng ti\u1ec7n v\u00e0 c\u00f4ng c\u1ee5 \u0111\u1ec3 ng\u01b0\u1eddi d\u00f9ng ti\u1ebfp c\u1eadn v\u00e0 ch\u1ec9nh s\u1eeda d\u1eef li\u1ec7u c\u00e1 nh\u00e2n c\u1ee7a m\u00ecnh.<\/strong><\/h4>\n\n\n\n<p>\u2013 Qu\u00fd kh\u00e1ch c\u00f3 quy\u1ec1n truy c\u1eadp v\u00e0o c\u00e1c th\u00f4ng tin v\u1ec1 t\u00e0i kho\u1ea3n c\u1ee7a Qu\u00fd kh\u00e1ch v\u00e0 s\u1ef1 t\u01b0\u01a1ng t\u00e1c c\u1ee7a Qu\u00fd kh\u00e1ch v\u1edbi\u00a0https:\/\/phukienthammy.com.vn\/\u00a0v\u1edbi m\u1ee5c \u0111\u00edch xem, ch\u1ec9nh s\u1eeda v\u00e0 c\u1eadp nh\u1eadt th\u00f4ng tin.<\/p>\n\n\n\n<p>\u2013 Nh\u01b0 \u0111\u1ec1 c\u1eadp \u1edf tr\u00ean, Qu\u00fd kh\u00e1ch lu\u00f4n lu\u00f4n c\u00f3 s\u1ef1 l\u1ef1a ch\u1ecdn v\u1ec1 vi\u1ec7c c\u00f3 cung c\u1ea5p th\u00f4ng tin cho ch\u00fang t\u00f4i kh\u00f4ng, ngay c\u1ea3 trong tr\u01b0\u1eddng h\u1ee3p nh\u1eefng th\u00f4ng tin \u0111\u1ea5y l\u00e0 c\u1ea7n thi\u1ebft \u0111\u1ec3\u00a0https:\/\/phukienthammy.com.vn\/\u00a0\u00a0x\u1eed l\u00fd \u0111\u01a1n h\u00e0ng c\u1ee7a Qu\u00fd kh\u00e1ch nh\u01b0 T\u00e0i kho\u1ea3n c\u1ee7a t\u00f4i, \u0110\u01a1n h\u00e0ng c\u1ee7a t\u00f4i.<\/p>\n\n\n\n<p>\u2013 Qu\u00fd kh\u00e1ch c\u00f3 th\u1ec3 thay \u0111\u1ed5i ph\u1ea7n L\u1ef1a ch\u1ecdn th\u00f4ng tin c\u1ee7a Qu\u00fd kh\u00e1ch \u0111\u1ec3 \u01b0u ti\u00ean nh\u1eefng th\u00f4ng tin m\u00e0 Qu\u00fd kh\u00e1ch mu\u1ed1n nh\u1eadn.<\/p>\n\n\n\n<p>\u2013 N\u1ebfu Qu\u00fd kh\u00e1ch kh\u00f4ng mu\u1ed1n nh\u1eadn email t\u1eeb ch\u00fang t\u00f4i, Qu\u00fd kh\u00e1ch c\u00f3 th\u1ec3 ch\u1ecdn Unsubscribe \u1edf cu\u1ed1i email m\u00e0 ch\u00fang t\u00f4i g\u1eedi Qu\u00fd kh\u00e1ch.<\/p>\n\n\n\n<p>\u2013 T\u00ednh n\u0103ng Tr\u1ee3 Gi\u00fap (Help) \u1edf h\u1ea7u h\u1ebft c\u00e1c tr\u00ecnh duy\u1ec7t \u0111\u1ec1u cho ph\u00e9p Qu\u00fd kh\u00e1ch ng\u0103n tr\u00ecnh duy\u1ec7t c\u1ee7a Qu\u00fd kh\u00e1ch ch\u1ea5p nh\u1eadn cookies m\u1edbi, th\u00f4ng b\u00e1o cho Qu\u00fd kh\u00e1ch bi\u1ebft khi tr\u00ecnh duy\u1ec7t c\u1ee7a Qu\u00fd kh\u00e1ch nh\u1eadn cookies m\u1edbi ho\u1eb7c kh\u00f3a ch\u1ee9c n\u0103ng nh\u1eadn cookies. B\u00ean c\u1ea1nh \u0111\u00f3, Qu\u00fd kh\u00e1ch c\u0169ng c\u00f3 th\u1ec3 kh\u00f3a ho\u1eb7c x\u00f3a c\u00e1c d\u1eef li\u1ec7u t\u01b0\u01a1ng t\u1ef1 \u0111\u01b0\u1ee3c s\u1eed d\u1ee5ng b\u1edfi c\u00e1c t\u00ednh n\u0103ng b\u1ed5 sung c\u1ee7a tr\u00ecnh duy\u1ec7t (add-on) b\u1eb1ng c\u00e1ch thay \u0111\u1ed5i c\u00e0i \u0111\u1eb7t c\u1ee7a c\u00e1c t\u00ednh n\u0103ng b\u1ed5 sung ho\u1eb7c truy c\u1eadp v\u00e0o website c\u1ee7a nh\u00e0 cung c\u1ea5p t\u00ednh n\u0103ng \u0111\u00f3. Do cookies gi\u00fap Qu\u00fd kh\u00e1ch t\u1eadn d\u1ee5ng \u0111\u01b0\u1ee3c r\u1ea5t nhi\u1ec1u t\u00ednh n\u0103ng \u0111\u1eb7c bi\u1ec7t m\u00e0\u00a0https:\/\/phukienthammy.com.vn\/\u00a0thi\u1ebft k\u1ebf cho Qu\u00fd kh\u00e1ch, n\u00ean ch\u00fang t\u00f4i \u0111\u1ec1 ngh\u1ecb Qu\u00fd kh\u00e1ch cho ph\u00e9p tr\u00ecnh duy\u1ec7t c\u1ee7a Qu\u00fd kh\u00e1ch nh\u1eadn cookies.<\/p>\n\n\n\n<h4 class=\"wp-block-heading\"><strong>Cam k\u1ebft b\u1ea3o m\u1eadt th\u00f4ng tin c\u00e1 nh\u00e2n kh\u00e1ch h\u00e0ng<\/strong><\/h4>\n\n\n\n<p>\u2013 Khi Qu\u00fd kh\u00e1ch g\u1eedi th\u00f4ng tin c\u00e1 nh\u00e2n c\u1ee7a Qu\u00fd kh\u00e1ch cho ch\u00fang t\u00f4i, Qu\u00fd kh\u00e1ch \u0111\u00e3 \u0111\u1ed3ng \u00fd v\u1edbi c\u00e1c \u0111i\u1ec1u kho\u1ea3n m\u00e0 ch\u00fang t\u00f4i \u0111\u00e3 n\u00eau \u1edf tr\u00ean,\u00a0https:\/\/phukienthammy.com.vn\/\u00a0cam k\u1ebft b\u1ea3o m\u1eadt th\u00f4ng tin c\u00e1 nh\u00e2n c\u1ee7a kh\u00e1ch h\u00e0ng b\u1eb1ng m\u1ecdi c\u00e1ch th\u1ee9c c\u00f3 th\u1ec3. Ch\u00fang t\u00f4i s\u1ebd s\u1eed d\u1ee5ng nhi\u1ec1u c\u00f4ng ngh\u1ec7 b\u1ea3o m\u1eadt th\u00f4ng tin kh\u00e1c nhau nh\u1eb1m b\u1ea3o v\u1ec7 th\u00f4ng tin n\u00e0y kh\u00f4ng b\u1ecb truy l\u1ee5c, s\u1eed d\u1ee5ng ho\u1eb7c ti\u1ebft l\u1ed9 ngo\u00e0i \u00fd mu\u1ed1n.<\/p>\n\n\n\n<p>\u2013 Tuy nhi\u00ean do h\u1ea1n ch\u1ebf v\u1ec1 m\u1eb7t k\u1ef9 thu\u1eadt, kh\u00f4ng m\u1ed9t d\u1eef li\u1ec7u n\u00e0o c\u00f3 th\u1ec3 \u0111\u01b0\u1ee3c truy\u1ec1n tr\u00ean \u0111\u01b0\u1eddng truy\u1ec1n internet m\u00e0 c\u00f3 th\u1ec3 \u0111\u01b0\u1ee3c b\u1ea3o m\u1eadt 100%. Do v\u1eady, ch\u00fang t\u00f4i kh\u00f4ng th\u1ec3 \u0111\u01b0a ra m\u1ed9t cam k\u1ebft ch\u1eafc ch\u1eafn r\u1eb1ng th\u00f4ng tin Qu\u00fd kh\u00e1ch cung c\u1ea5p cho ch\u00fang t\u00f4i s\u1ebd \u0111\u01b0\u1ee3c b\u1ea3o m\u1eadt m\u1ed9t c\u00e1ch tuy\u1ec7t \u0111\u1ed1i an to\u00e0n, v\u00e0 ch\u00fang t\u00f4i kh\u00f4ng th\u1ec3 ch\u1ecbu tr\u00e1ch nhi\u1ec7m trong tr\u01b0\u1eddng h\u1ee3p c\u00f3 s\u1ef1 truy c\u1eadp tr\u00e1i ph\u00e9p th\u00f4ng tin c\u00e1 nh\u00e2n c\u1ee7a Qu\u00fd kh\u00e1ch nh\u01b0 c\u00e1c tr\u01b0\u1eddng h\u1ee3p Qu\u00fd kh\u00e1ch t\u1ef1 \u00fd chia s\u1ebb th\u00f4ng tin v\u1edbi ng\u01b0\u1eddi kh\u00e1c\u2026.<\/p>\n\n\n\n<p>\u2013 V\u00ec v\u1eady,\u00a0https:\/\/phukienthammy.com.vn\/\u00a0c\u0169ng khuy\u1ebfn c\u00e1o Qu\u00fd kh\u00e1ch n\u00ean b\u1ea3o m\u1eadt c\u00e1c th\u00f4ng tin li\u00ean quan \u0111\u1ebfn m\u1eadt kh\u1ea9u truy xu\u1ea5t c\u1ee7a Qu\u00fd kh\u00e1ch v\u00e0 kh\u00f4ng n\u00ean chia s\u1ebb v\u1edbi b\u1ea5t k\u1ef3 ng\u01b0\u1eddi n\u00e0o kh\u00e1c. N\u1ebfu s\u1eed d\u1ee5ng m\u00e1y t\u00ednh chung nhi\u1ec1u ng\u01b0\u1eddi, Qu\u00fd kh\u00e1ch n\u00ean \u0111\u0103ng xu\u1ea5t, ho\u1eb7c tho\u00e1t h\u1ebft t\u1ea5t c\u1ea3 c\u1eeda s\u1ed5 Website \u0111ang m\u1edf.<\/p>\n\n\n\n<p>\u2013 \u0110\u1ed1i v\u1edbi th\u00f4ng tin li\u00ean quan \u0111\u1ebfn th\u1ebb t\u00edn d\u1ee5ng thanh to\u00e1n: ch\u00fang t\u00f4i ch\u1ec9 cung c\u1ea5p 4 ch\u1eef s\u1ed1 cu\u1ed1i c\u1ee7a s\u1ed1 th\u1ebb t\u00edn d\u1ee5ng c\u1ee7a Qu\u00fd kh\u00e1ch khi x\u00e1c nh\u1eadn \u0111\u01a1n h\u00e0ng. T\u1ea5t nhi\u00ean, ch\u00fang t\u00f4i s\u1ebd cung c\u1ea5p \u0111\u1ea7y \u0111\u1ee7 s\u1ed1 th\u1ebb t\u00edn d\u1ee5ng c\u1ee7a Qu\u00fd kh\u00e1ch cho c\u00f4ng ty th\u1ebb t\u00edn d\u1ee5ng ph\u00f9 h\u1ee3p trong qu\u00e1 tr\u00ecnh x\u1eed l\u00fd \u0111\u01a1n h\u00e0ng.<\/p>\n\n\n\n<h4 class=\"wp-block-heading\"><strong>\u0110i\u1ec1u ki\u1ec7n s\u1eed d\u1ee5ng, th\u00f4ng b\u00e1o, v\u00e0 s\u1eeda \u0111\u1ed5i<\/strong><\/h4>\n\n\n\n<p>\u2013 Khi Qu\u00fd kh\u00e1ch truy c\u1eadp v\u00e0o\u00a0https:\/\/phukienthammy.com.vn\/\u00a0, s\u1ef1 truy c\u1eadp c\u1ee7a Qu\u00fd kh\u00e1ch v\u00e0 b\u1ea5t k\u1ef3 v\u1ea5n \u0111\u1ec1 ph\u00e1t sinh n\u00e0o li\u00ean quan \u0111\u1ebfn s\u1ef1 b\u1ea3o m\u1eadt \u0111\u1ec1u tu\u00e2n theo c\u00e1c \u0111i\u1ec1u kho\u1ea3n trong Ch\u00ednh s\u00e1ch b\u1ea3o m\u1eadt n\u00e0y v\u00e0 Th\u1ecfa thu\u1eadn s\u1eed d\u1ee5ng bao g\u1ed3m gi\u1edbi h\u1ea1n thi\u1ec7t h\u1ea1i, c\u00e1ch gi\u1ea3i quy\u1ebft c\u00e1c v\u1ea5n \u0111\u1ec1 ph\u00e1t sinh, v\u00e0 vi\u1ec7c \u00e1p d\u1ee5ng lu\u1eadt Vi\u1ec7t Nam.<\/p>\n\n\n\n<p>\u2013 N\u1ebfu Qu\u00fd kh\u00e1ch c\u00f3 b\u1ea5t k\u1ef3 c\u00e2u h\u1ecfi n\u00e0o li\u00ean quan \u0111\u1ebfn s\u1ef1 b\u1ea3o m\u1eadt t\u1ea1i\u00a0https:\/\/phukienthammy.com.vn\/\u00a0, vui l\u00f2ng li\u00ean l\u1ea1c v\u1edbi ch\u00fang t\u00f4i. Do\u00a0https:\/\/phukienthammy.com.vn\/\u00a0li\u00ean t\u1ee5c c\u1ea3i thi\u1ec7n d\u1ecbch v\u1ee5 v\u00e0 s\u1ea3n ph\u1ea9m \u0111\u1ec3 ph\u1ee5c v\u1ee5 Qu\u00fd kh\u00e1ch t\u1ed1t h\u01a1n, n\u00ean Ch\u00ednh s\u00e1ch b\u1ea3o m\u1eadt v\u00e0 Th\u1ecfa thu\u1eadn s\u1eed d\u1ee5ng s\u1ebd th\u01b0\u1eddng xuy\u00ean \u0111\u01b0\u1ee3c thay \u0111\u1ed5i v\u00e0 c\u1eadp nh\u1eadt. Ch\u00fang t\u00f4i c\u00f3 th\u1ec3 email th\u00f4ng b\u00e1o cho Qu\u00fd kh\u00e1ch v\u1ec1 nh\u1eefng thay \u0111\u1ed5i trong nh\u1eefng ch\u00ednh s\u00e1ch.<\/p>\n\n\n\n<p>\u2013 Tuy nhi\u00ean, ch\u00fang t\u00f4i c\u0169ng khuy\u1ebfn kh\u00edch Qu\u00fd kh\u00e1ch th\u01b0\u1eddng xuy\u00ean theo d\u00f5i tr\u00ean website c\u1ee7a\u00a0https:\/\/phukienthammy.com.vn\/\u00a0\u0111\u1ec3 c\u1eadp nh\u1eadt v\u1edbi nh\u1eefng thay \u0111\u1ed5i trong ch\u00ednh s\u00e1ch c\u1ee7a ch\u00fang t\u00f4i. Tr\u1eeb tr\u01b0\u1eddng h\u1ee3p c\u00f3 v\u0103n b\u1ea3n v\u1edbi n\u1ed9i dung kh\u00e1c, Ch\u00ednh s\u00e1ch b\u1ea3o m\u1eadt hi\u1ec7n t\u1ea1i c\u1ee7a ch\u00fang t\u00f4i \u0111\u01b0\u1ee3c \u00e1p d\u1ee5ng cho t\u1ea5t c\u1ea3 nh\u1eefng th\u00f4ng tin m\u00e0 ch\u00fang t\u00f4i c\u00f3 v\u1ec1 Qu\u00fd kh\u00e1ch v\u00e0 t\u00e0i kho\u1ea3n c\u1ee7a Qu\u00fd kh\u00e1ch.<\/p>\n","protected":false},"excerpt":{"rendered":"<p>https:\/\/phukienthammy.com.vn\/ hi\u1ec3u r\u1eb1ng Qu\u00fd kh\u00e1ch quan t\u00e2m \u0111\u1ebfn vi\u1ec7c nh\u1eefng th\u00f4ng tin c\u1ee7a Qu\u00fd kh\u00e1ch s\u1ebd \u0111\u01b0\u1ee3c s\u1eed d\u1ee5ng v\u00e0 chia s\u1ebb nh\u01b0 th\u1ebf n\u00e0o. Ch\u00fang t\u00f4i r\u1ea5t coi tr\u1ecdng s\u1ef1 tin t\u01b0\u1edfng c\u1ee7a Qu\u00fd kh\u00e1ch, v\u00ec v\u1eady ch\u00fang t\u00f4i s\u1ebd s\u1eed d\u1ee5ng nh\u1eefng th\u00f4ng tin m\u00e0 Qu\u00fd kh\u00e1ch cung c\u1ea5p m\u1ed9t c\u00e1ch c\u1ea9n th\u1eadn [&hellip;]<\/p>\n","protected":false},"author":1,"featured_media":0,"parent":0,"menu_order":0,"comment_status":"closed","ping_status":"open","template":"","meta":{"footnotes":""},"class_list":["post-3","page","type-page","status-publish","hentry"],"_links":{"self":[{"href":"https:\/\/phukienthammy.com.vn\/index.php?rest_route=\/wp\/v2\/pages\/3","targetHints":{"allow":["GET"]}}],"collection":[{"href":"https:\/\/phukienthammy.com.vn\/index.php?rest_route=\/wp\/v2\/pages"}],"about":[{"href":"https:\/\/phukienthammy.com.vn\/index.php?rest_route=\/wp\/v2\/types\/page"}],"author":[{"embeddable":true,"href":"https:\/\/phukienthammy.com.vn\/index.php?rest_route=\/wp\/v2\/users\/1"}],"replies":[{"embeddable":true,"href":"https:\/\/phukienthammy.com.vn\/index.php?rest_route=%2Fwp%2Fv2%2Fcomments&post=3"}],"version-history":[{"count":0,"href":"https:\/\/phukienthammy.com.vn\/index.php?rest_route=\/wp\/v2\/pages\/3\/revisions"}],"wp:attachment":[{"href":"https:\/\/phukienthammy.com.vn\/index.php?rest_route=%2Fwp%2Fv2%2Fmedia&parent=3"}],"curies":[{"name":"wp","href":"https:\/\/api.w.org\/{rel}","templated":true}]}}