{"id":22538,"date":"2024-03-22T15:35:15","date_gmt":"2024-03-22T08:35:15","guid":{"rendered":"https:\/\/phukienthammy.com.vn\/?page_id=22538"},"modified":"2024-03-22T15:35:18","modified_gmt":"2024-03-22T08:35:18","slug":"chinh-sach-doi-tra-hang","status":"publish","type":"page","link":"https:\/\/phukienthammy.com.vn\/?page_id=22538","title":{"rendered":"Ch\u00ednh S\u00e1ch \u0110\u1ed5i Tr\u1ea3 H\u00e0ng"},"content":{"rendered":"\n<p>Nh\u1eb1m mang \u0111\u1ebfn cho Qu\u00fd kh\u00e1ch d\u1ecbch v\u1ee5 b\u00e1n h\u00e0ng t\u1ed1t nh\u1ea5t, kh\u00e1ch h\u00e0ng c\u00f3 th\u1ec3 tr\u1ea3 l\u1ea1i s\u1ea3n ph\u1ea9m \u0111\u00e3 mua trong v\u00f2ng 03 ng\u00e0y l\u00e0m vi\u1ec7c k\u1ec3 t\u1eeb ng\u00e0y qu\u00fd kh\u00e1ch nh\u1eadn h\u00e0ng. Sau \u0111\u00e2y l\u00e0 c\u00e1ch th\u1ee9c v\u00e0 nh\u1eefng quy \u0111\u1ecbnh khi qu\u00fd kh\u00e1ch c\u00f3 y\u00eau c\u1ea7u g\u1eedi tr\u1ea3 l\u1ea1i s\u1ea3n ph\u1ea9m, xin vui l\u00f2ng \u0111\u1ecdc k\u1ef9 c\u00e1ch th\u1ee9c tr\u1ea3 h\u00e0ng, xin vui l\u00f2ng l\u00e0m theo 3 b\u01b0\u1edbc sau:<\/p>\n\n\n\n<p><strong>B\u01b0\u1edbc 1:<\/strong>\u00a0Trong v\u00f2ng 03 ng\u00e0y k\u1ec3 t\u1eeb ng\u00e0y nh\u1eadn s\u1ea3n ph\u1ea9m, xin qu\u00fd kh\u00e1ch vui l\u00f2ng gi\u1eef s\u1ea3n ph\u1ea9m trong tr\u1ea1ng th\u00e1i \u0111\u00f3ng g\u00f3i, nh\u00e3n m\u00e1c, t\u00ecnh tr\u1ea1ng h\u00e0ng ho\u00e1 c\u00f2n nguy\u00ean v\u1eb9n, c\u00f2n ni\u00eam phong, nguy\u00ean tem c\u1ee7a c\u1ee7a nh\u00e0 s\u1ea3n xu\u1ea5t.<\/p>\n\n\n\n<p><strong>B\u01b0\u1edbc 2:<\/strong>\u00a0Qu\u00fd kh\u00e1ch g\u1eedi s\u1ea3n ph\u1ea9m v\u1ec1:<\/p>\n\n\n\n<p>\u0110\u1ecba ch\u1ec9: 129 Nguy\u1ec5n Xi\u1ec3n &#8211; Thanh Xu\u00e2n &#8211; H\u00e0 N\u1ed9i<\/p>\n\n\n\n<p>S\u1ed1 \u0111i\u1ec7n tho\u1ea1i: <a href=\"tel:0396253669\">039.625.3669<\/a><\/p>\n\n\n\n<p>Email: phukienthammy@gmail.com<\/p>\n\n\n\n<p>Website: phukienthammy.com.vn<\/p>\n\n\n\n<p><strong>B\u01b0\u1edbc 3:<\/strong>\u00a0Sau khi \u0111\u00e3 nh\u1eadn, ki\u1ec3m tra v\u00e0 ch\u1ea5p nh\u1eadn s\u1ea3n ph\u1ea9m m\u00e0 Qu\u00fd kh\u00e1ch tr\u1ea3 l\u1ea1i, B\u1ed9 Ph\u1eadn Ho\u00e0n Tr\u1ea3 S\u1ea3n ph\u1ea9m c\u1ee7a C\u00f4ng ty s\u1ebd li\u00ean h\u1ec7 v\u1edbi qu\u00fd kh\u00e1ch \u0111\u1ec3 \u0111\u1ed5i h\u00e0ng ho\u1eb7c ho\u00e0n l\u1ea1i ti\u1ec1n.<\/p>\n","protected":false},"excerpt":{"rendered":"<p>Nh\u1eb1m mang \u0111\u1ebfn cho Qu\u00fd kh\u00e1ch d\u1ecbch v\u1ee5 b\u00e1n h\u00e0ng t\u1ed1t nh\u1ea5t, kh\u00e1ch h\u00e0ng c\u00f3 th\u1ec3 tr\u1ea3 l\u1ea1i s\u1ea3n ph\u1ea9m \u0111\u00e3 mua trong v\u00f2ng 03 ng\u00e0y l\u00e0m vi\u1ec7c k\u1ec3 t\u1eeb ng\u00e0y qu\u00fd kh\u00e1ch nh\u1eadn h\u00e0ng. Sau \u0111\u00e2y l\u00e0 c\u00e1ch th\u1ee9c v\u00e0 nh\u1eefng quy \u0111\u1ecbnh khi qu\u00fd kh\u00e1ch c\u00f3 y\u00eau c\u1ea7u g\u1eedi tr\u1ea3 l\u1ea1i s\u1ea3n ph\u1ea9m, [&hellip;]<\/p>\n","protected":false},"author":1,"featured_media":0,"parent":0,"menu_order":0,"comment_status":"closed","ping_status":"closed","template":"","meta":{"footnotes":""},"class_list":["post-22538","page","type-page","status-publish","hentry"],"_links":{"self":[{"href":"https:\/\/phukienthammy.com.vn\/index.php?rest_route=\/wp\/v2\/pages\/22538","targetHints":{"allow":["GET"]}}],"collection":[{"href":"https:\/\/phukienthammy.com.vn\/index.php?rest_route=\/wp\/v2\/pages"}],"about":[{"href":"https:\/\/phukienthammy.com.vn\/index.php?rest_route=\/wp\/v2\/types\/page"}],"author":[{"embeddable":true,"href":"https:\/\/phukienthammy.com.vn\/index.php?rest_route=\/wp\/v2\/users\/1"}],"replies":[{"embeddable":true,"href":"https:\/\/phukienthammy.com.vn\/index.php?rest_route=%2Fwp%2Fv2%2Fcomments&post=22538"}],"version-history":[{"count":0,"href":"https:\/\/phukienthammy.com.vn\/index.php?rest_route=\/wp\/v2\/pages\/22538\/revisions"}],"wp:attachment":[{"href":"https:\/\/phukienthammy.com.vn\/index.php?rest_route=%2Fwp%2Fv2%2Fmedia&parent=22538"}],"curies":[{"name":"wp","href":"https:\/\/api.w.org\/{rel}","templated":true}]}}