{"id":22536,"date":"2024-03-22T15:25:00","date_gmt":"2024-03-22T08:25:00","guid":{"rendered":"https:\/\/phukienthammy.com.vn\/?page_id=22536"},"modified":"2024-06-06T15:10:29","modified_gmt":"2024-06-06T08:10:29","slug":"chinh-sach-van-chuyen","status":"publish","type":"page","link":"https:\/\/phukienthammy.com.vn\/?page_id=22536","title":{"rendered":"Ch\u00ednh S\u00e1ch V\u1eadn Chuy\u1ec3n"},"content":{"rendered":"\n<p><strong>B1:<\/strong>&nbsp;Qu\u00fd kh\u00e1ch ch\u1ecdn s\u1ea3n ph\u1ea9m mu\u1ed1n mua tr\u00ean website.<\/p>\n\n\n\n<p><strong>B2:<\/strong>&nbsp;Ph\u1ee5 Ki\u1ec7n Th\u1ea9m M\u1ef9 s\u1ebd li\u00ean h\u1ec7 l\u1ea1i x\u00e1c nh\u1eadn \u0111\u01a1n h\u00e0ng.<\/p>\n\n\n\n<p><strong>B3:<\/strong>\u00a0Sau 2-5 ng\u00e0y, nh\u00e2n vi\u00ean d\u1ecbch v\u1ee5 chuy\u1ec3n ph\u00e1t nhanh s\u1ebd giao h\u00e0ng t\u1ea1i \u0111\u1ecba ch\u1ec9 qu\u00fd kh\u00e1ch. Ph\u00ed ship \u0111\u1ed3ng gi\u00e1: 35.000 vn\u0111<\/p>\n\n\n\n<p><\/p>\n","protected":false},"excerpt":{"rendered":"<p>B1:&nbsp;Qu\u00fd kh\u00e1ch ch\u1ecdn s\u1ea3n ph\u1ea9m mu\u1ed1n mua tr\u00ean website. B2:&nbsp;Ph\u1ee5 Ki\u1ec7n Th\u1ea9m M\u1ef9 s\u1ebd li\u00ean h\u1ec7 l\u1ea1i x\u00e1c nh\u1eadn \u0111\u01a1n h\u00e0ng. B3:\u00a0Sau 2-5 ng\u00e0y, nh\u00e2n vi\u00ean d\u1ecbch v\u1ee5 chuy\u1ec3n ph\u00e1t nhanh s\u1ebd giao h\u00e0ng t\u1ea1i \u0111\u1ecba ch\u1ec9 qu\u00fd kh\u00e1ch. Ph\u00ed ship \u0111\u1ed3ng gi\u00e1: 35.000 vn\u0111<\/p>\n","protected":false},"author":1,"featured_media":0,"parent":0,"menu_order":0,"comment_status":"closed","ping_status":"closed","template":"","meta":{"footnotes":""},"class_list":["post-22536","page","type-page","status-publish","hentry"],"_links":{"self":[{"href":"https:\/\/phukienthammy.com.vn\/index.php?rest_route=\/wp\/v2\/pages\/22536","targetHints":{"allow":["GET"]}}],"collection":[{"href":"https:\/\/phukienthammy.com.vn\/index.php?rest_route=\/wp\/v2\/pages"}],"about":[{"href":"https:\/\/phukienthammy.com.vn\/index.php?rest_route=\/wp\/v2\/types\/page"}],"author":[{"embeddable":true,"href":"https:\/\/phukienthammy.com.vn\/index.php?rest_route=\/wp\/v2\/users\/1"}],"replies":[{"embeddable":true,"href":"https:\/\/phukienthammy.com.vn\/index.php?rest_route=%2Fwp%2Fv2%2Fcomments&post=22536"}],"version-history":[{"count":0,"href":"https:\/\/phukienthammy.com.vn\/index.php?rest_route=\/wp\/v2\/pages\/22536\/revisions"}],"wp:attachment":[{"href":"https:\/\/phukienthammy.com.vn\/index.php?rest_route=%2Fwp%2Fv2%2Fmedia&parent=22536"}],"curies":[{"name":"wp","href":"https:\/\/api.w.org\/{rel}","templated":true}]}}