{"id":22534,"date":"2024-03-22T15:11:24","date_gmt":"2024-03-22T08:11:24","guid":{"rendered":"https:\/\/phukienthammy.com.vn\/?page_id=22534"},"modified":"2024-03-22T15:11:27","modified_gmt":"2024-03-22T08:11:27","slug":"huong-dan-mua-hang","status":"publish","type":"page","link":"https:\/\/phukienthammy.com.vn\/?page_id=22534","title":{"rendered":"H\u01b0\u1edbng D\u1eabn Mua H\u00e0ng"},"content":{"rendered":"\n<p><strong>MUA H\u00c0NG TR\u00caN WEBSITE:\u00a0<\/strong><\/p>\n\n\n\n<ul class=\"wp-block-list\">\n<li><strong>B\u01b0\u1edbc 1:<\/strong>\u00a0T\u1eeb danh s\u00e1ch &#8220;S\u1ea3n ph\u1ea9m&#8221; tr\u00ean thanh menu, qu\u00fd kh\u00e1ch ch\u1ecdn n\u00fat &#8220;Chi ti\u1ebft&#8221; \u0111\u1ec3 xem v\u1ec1\u00a0 nh\u00f3m s\u1ea3n ph\u1ea9m\/s\u1ea3n ph\u1ea9m mu\u1ed1n mua, r\u1ed3i nh\u1ea5n n\u00fat \u201cTh\u00eam v\u00e0o gi\u1ecf h\u00e0ng\u201d v\u00e0 \u0111i\u1ec1n \u0111\u1ea7y \u0111\u1ee7 th\u00f4ng tin b\u1eaft bu\u1ed9c \u0111\u1ec3 \u0111\u0103ng k\u00fd mua h\u00e0ng.<\/li>\n\n\n\n<li><strong>B\u01b0\u1edbc 2:<\/strong>\u00a0Ph\u1ee5 Ki\u1ec7n Th\u1ea9m M\u1ef9 s\u1ebd li\u00ean h\u1ec7 qu\u00fd kh\u00e1ch qua s\u1ed1 \u0111i\u1ec7n tho\u1ea1i \u0111\u1ec3 x\u00e1c nh\u1eadn \u0111\u01a1n h\u00e0ng.<\/li>\n<\/ul>\n","protected":false},"excerpt":{"rendered":"<p>MUA H\u00c0NG TR\u00caN WEBSITE:\u00a0<\/p>\n","protected":false},"author":1,"featured_media":0,"parent":0,"menu_order":0,"comment_status":"closed","ping_status":"closed","template":"","meta":{"footnotes":""},"class_list":["post-22534","page","type-page","status-publish","hentry"],"_links":{"self":[{"href":"https:\/\/phukienthammy.com.vn\/index.php?rest_route=\/wp\/v2\/pages\/22534","targetHints":{"allow":["GET"]}}],"collection":[{"href":"https:\/\/phukienthammy.com.vn\/index.php?rest_route=\/wp\/v2\/pages"}],"about":[{"href":"https:\/\/phukienthammy.com.vn\/index.php?rest_route=\/wp\/v2\/types\/page"}],"author":[{"embeddable":true,"href":"https:\/\/phukienthammy.com.vn\/index.php?rest_route=\/wp\/v2\/users\/1"}],"replies":[{"embeddable":true,"href":"https:\/\/phukienthammy.com.vn\/index.php?rest_route=%2Fwp%2Fv2%2Fcomments&post=22534"}],"version-history":[{"count":0,"href":"https:\/\/phukienthammy.com.vn\/index.php?rest_route=\/wp\/v2\/pages\/22534\/revisions"}],"wp:attachment":[{"href":"https:\/\/phukienthammy.com.vn\/index.php?rest_route=%2Fwp%2Fv2%2Fmedia&parent=22534"}],"curies":[{"name":"wp","href":"https:\/\/api.w.org\/{rel}","templated":true}]}}