{"id":22517,"date":"2024-03-22T13:40:47","date_gmt":"2024-03-22T06:40:47","guid":{"rendered":"https:\/\/phukienthammy.com.vn\/?page_id=22517"},"modified":"2024-03-22T13:47:57","modified_gmt":"2024-03-22T06:47:57","slug":"gioi-thieu","status":"publish","type":"page","link":"https:\/\/phukienthammy.com.vn\/?page_id=22517","title":{"rendered":"Gi\u1edbi Thi\u1ec7u"},"content":{"rendered":"\t\t<div data-elementor-type=\"wp-page\" data-elementor-id=\"22517\" class=\"elementor elementor-22517\">\n\t\t\t\t\t\t<section class=\"elementor-section elementor-top-section elementor-element elementor-element-d21e8f1 elementor-section-boxed elementor-section-height-default elementor-section-height-default\" data-id=\"d21e8f1\" data-element_type=\"section\">\n\t\t\t\t\t\t<div class=\"elementor-container elementor-column-gap-default\">\n\t\t\t\t\t<div class=\"elementor-column elementor-col-100 elementor-top-column elementor-element elementor-element-67a05b1\" data-id=\"67a05b1\" data-element_type=\"column\">\n\t\t\t<div class=\"elementor-widget-wrap elementor-element-populated\">\n\t\t\t\t\t\t<div class=\"elementor-element elementor-element-b05d071 elementor-widget elementor-widget-text-editor\" data-id=\"b05d071\" data-element_type=\"widget\" data-widget_type=\"text-editor.default\">\n\t\t\t\t<div class=\"elementor-widget-container\">\n\t\t\t\t\t\t\t<p>Xin ch\u00e0o! Ch\u00fang t\u00f4i t\u1ef1 h\u00e0o gi\u1edbi thi\u1ec7u c\u00f4ng ty ch\u00fang t\u00f4i, m\u1ed9t c\u00f4ng ty h\u00e0ng \u0111\u1ea7u trong l\u0129nh v\u1ef1c kinh doanh s\u1ea3n ph\u1ea9m th\u1ea9m m\u1ef9. V\u1edbi nhi\u1ec1u n\u0103m kinh nghi\u1ec7m v\u00e0 cam k\u1ebft \u0111em \u0111\u1ebfn s\u1ef1 h\u00e0i l\u00f2ng cho kh\u00e1ch h\u00e0ng, ch\u00fang t\u00f4i \u0111\u00e3 x\u00e2y d\u1ef1ng danh ti\u1ebfng v\u1eefng ch\u1eafc trong ng\u00e0nh c\u00f4ng nghi\u1ec7p th\u1ea9m m\u1ef9.<\/p><p>Ch\u00fang t\u00f4i lu\u00f4n t\u1eadp trung v\u00e0o vi\u1ec7c cung c\u1ea5p c\u00e1c s\u1ea3n ph\u1ea9m th\u1ea9m m\u1ef9 ch\u1ea5t l\u01b0\u1ee3ng cao v\u00e0 d\u1ecbch v\u1ee5 chuy\u00ean nghi\u1ec7p. Ch\u00fang t\u00f4i l\u00e0 \u0111\u1ea1i di\u1ec7n cho nh\u1eefng th\u01b0\u01a1ng hi\u1ec7u uy t\u00edn v\u00e0 \u0111\u00e1ng tin c\u1eady trong ng\u00e0nh, \u0111\u1ea3m b\u1ea3o r\u1eb1ng kh\u00e1ch h\u00e0ng c\u1ee7a ch\u00fang t\u00f4i lu\u00f4n nh\u1eadn \u0111\u01b0\u1ee3c nh\u1eefng s\u1ea3n ph\u1ea9m ch\u1ea5t l\u01b0\u1ee3ng cao nh\u1ea5t v\u00e0 an to\u00e0n nh\u1ea5t tr\u00ean th\u1ecb tr\u01b0\u1eddng.<\/p><p>Ch\u00fang t\u00f4i hi\u1ec3u r\u1eb1ng m\u1ed7i kh\u00e1ch h\u00e0ng c\u00f3 nhu c\u1ea7u v\u00e0 mong mu\u1ed1n ri\u00eang, v\u00ec v\u1eady ch\u00fang t\u00f4i lu\u00f4n t\u00ecm hi\u1ec3u v\u00e0 l\u1eafng nghe kh\u00e1ch h\u00e0ng \u0111\u1ec3 \u0111\u00e1p \u1ee9ng m\u1ecdi y\u00eau c\u1ea7u c\u1ee7a h\u1ecd. \u0110\u1ed9i ng\u0169 chuy\u00ean gia gi\u00e0u kinh nghi\u1ec7m c\u1ee7a ch\u00fang t\u00f4i s\u1ebd t\u01b0 v\u1ea5n v\u00e0 h\u1ed7 tr\u1ee3 kh\u00e1ch h\u00e0ng trong vi\u1ec7c ch\u1ecdn l\u1ef1a s\u1ea3n ph\u1ea9m ph\u00f9 h\u1ee3p nh\u1ea5t v\u1edbi nhu c\u1ea7u c\u00e1 nh\u00e2n v\u00e0 mong mu\u1ed1n th\u1ea9m m\u1ef9 c\u1ee7a h\u1ecd.<\/p><p>Ch\u00fang t\u00f4i cam k\u1ebft \u0111\u1ea3m b\u1ea3o ch\u1ea5t l\u01b0\u1ee3ng v\u00e0 an to\u00e0n cho t\u1ea5t c\u1ea3 c\u00e1c s\u1ea3n ph\u1ea9m th\u1ea9m m\u1ef9 m\u00e0 ch\u00fang t\u00f4i cung c\u1ea5p. Ch\u00fang t\u00f4i ch\u1ec9 cung c\u1ea5p c\u00e1c s\u1ea3n ph\u1ea9m th\u1ea9m m\u1ef9 t\u1eeb nh\u1eefng nh\u00e0 s\u1ea3n xu\u1ea5t c\u00f3 uy t\u00edn v\u00e0 tu\u00e2n th\u1ee7 c\u00e1c quy \u0111\u1ecbnh an to\u00e0n v\u00e0 ch\u1ea5t l\u01b0\u1ee3ng nghi\u00eam ng\u1eb7t. \u0110i\u1ec1u n\u00e0y \u0111\u1ea3m b\u1ea3o r\u1eb1ng ch\u00fang t\u00f4i \u0111\u01b0a ra s\u1ef1 l\u1ef1a ch\u1ecdn t\u1ed1t nh\u1ea5t cho kh\u00e1ch h\u00e0ng, \u0111\u1ed3ng th\u1eddi \u0111\u1ea3m b\u1ea3o an to\u00e0n tuy\u1ec7t \u0111\u1ed1i cho s\u1ee9c kh\u1ecfe v\u00e0 l\u00e0n da c\u1ee7a h\u1ecd.<\/p><p>Ch\u00fang t\u00f4i c\u0169ng \u0111\u1eb7c bi\u1ec7t ch\u00fa tr\u1ecdng \u0111\u1ebfn d\u1ecbch v\u1ee5 kh\u00e1ch h\u00e0ng. \u0110\u1ed9i ng\u0169 nh\u00e2n vi\u00ean t\u1eadn t\u00e2m v\u00e0 chuy\u00ean nghi\u1ec7p c\u1ee7a ch\u00fang t\u00f4i s\u1ebd lu\u00f4n s\u1eb5n s\u00e0ng h\u1ed7 tr\u1ee3 v\u00e0 gi\u1ea3i \u0111\u00e1p m\u1ecdi th\u1eafc m\u1eafc c\u1ee7a kh\u00e1ch h\u00e0ng. Ch\u00fang t\u00f4i \u0111\u00e1nh gi\u00e1 cao m\u1ed1i quan h\u1ec7 l\u00e2u d\u00e0i v\u1edbi kh\u00e1ch h\u00e0ng v\u00e0 lu\u00f4n n\u1ed7 l\u1ef1c \u0111\u1ec3 \u0111\u00e1p \u1ee9ng m\u1ecdi y\u00eau c\u1ea7u v\u00e0 mong mu\u1ed1n c\u1ee7a h\u1ecd.<\/p><p>V\u1edbi s\u1ef1 cam k\u1ebft v\u1ec1 ch\u1ea5t l\u01b0\u1ee3ng, an to\u00e0n v\u00e0 d\u1ecbch v\u1ee5 chuy\u00ean nghi\u1ec7p, ch\u00fang t\u00f4i tin r\u1eb1ng c\u00f4ng ty ch\u00fang t\u00f4i l\u00e0 \u0111\u1ed1i t\u00e1c \u0111\u00e1ng tin c\u1eady cho m\u1ecdi nhu c\u1ea7u v\u1ec1 s\u1ea3n ph\u1ea9m th\u1ea9m m\u1ef9. H\u00e3y li\u00ean h\u1ec7 v\u1edbi ch\u00fang t\u00f4i \u0111\u1ec3 \u0111\u01b0\u1ee3c t\u01b0 v\u1ea5n v\u00e0 tr\u1ea3i nghi\u1ec7m s\u1ea3n ph\u1ea9m tuy\u1ec7t v\u1eddi m\u00e0 ch\u00fang t\u00f4i cung c\u1ea5p.<\/p><p>\u0110\u1ecba ch\u1ec9: 129 Nguy\u1ec5n Xi\u1ec3n \u2013 Thanh Xu\u00e2n \u2013 H\u00e0 N\u1ed9i<\/p><p>S\u1ed1 \u0111i\u1ec7n tho\u1ea1i:\u00a0<a href=\"tel:0396253669\">039.625.3669<\/a><\/p><p>Email: phukienthammy@gmail.com<\/p><p>Website: phukienthammy.com.vn<\/p>\t\t\t\t\t\t<\/div>\n\t\t\t\t<\/div>\n\t\t\t\t\t<\/div>\n\t\t<\/div>\n\t\t\t\t\t<\/div>\n\t\t<\/section>\n\t\t\t\t<\/div>\n\t\t","protected":false},"excerpt":{"rendered":"<p>Xin ch\u00e0o! Ch\u00fang t\u00f4i t\u1ef1 h\u00e0o gi\u1edbi thi\u1ec7u c\u00f4ng ty ch\u00fang t\u00f4i, m\u1ed9t c\u00f4ng ty h\u00e0ng \u0111\u1ea7u trong l\u0129nh v\u1ef1c kinh doanh s\u1ea3n ph\u1ea9m th\u1ea9m m\u1ef9. V\u1edbi nhi\u1ec1u n\u0103m kinh nghi\u1ec7m v\u00e0 cam k\u1ebft \u0111em \u0111\u1ebfn s\u1ef1 h\u00e0i l\u00f2ng cho kh\u00e1ch h\u00e0ng, ch\u00fang t\u00f4i \u0111\u00e3 x\u00e2y d\u1ef1ng danh ti\u1ebfng v\u1eefng ch\u1eafc trong ng\u00e0nh c\u00f4ng nghi\u1ec7p [&hellip;]<\/p>\n","protected":false},"author":1,"featured_media":0,"parent":0,"menu_order":0,"comment_status":"closed","ping_status":"closed","template":"","meta":{"footnotes":""},"class_list":["post-22517","page","type-page","status-publish","hentry"],"_links":{"self":[{"href":"https:\/\/phukienthammy.com.vn\/index.php?rest_route=\/wp\/v2\/pages\/22517","targetHints":{"allow":["GET"]}}],"collection":[{"href":"https:\/\/phukienthammy.com.vn\/index.php?rest_route=\/wp\/v2\/pages"}],"about":[{"href":"https:\/\/phukienthammy.com.vn\/index.php?rest_route=\/wp\/v2\/types\/page"}],"author":[{"embeddable":true,"href":"https:\/\/phukienthammy.com.vn\/index.php?rest_route=\/wp\/v2\/users\/1"}],"replies":[{"embeddable":true,"href":"https:\/\/phukienthammy.com.vn\/index.php?rest_route=%2Fwp%2Fv2%2Fcomments&post=22517"}],"version-history":[{"count":0,"href":"https:\/\/phukienthammy.com.vn\/index.php?rest_route=\/wp\/v2\/pages\/22517\/revisions"}],"wp:attachment":[{"href":"https:\/\/phukienthammy.com.vn\/index.php?rest_route=%2Fwp%2Fv2%2Fmedia&parent=22517"}],"curies":[{"name":"wp","href":"https:\/\/api.w.org\/{rel}","templated":true}]}}